{"id":4198,"date":"2023-05-23T21:24:36","date_gmt":"2023-05-23T19:24:36","guid":{"rendered":"https:\/\/aurythmedesvignes.fr\/?post_type=product&#038;p=4198"},"modified":"2026-03-17T17:17:55","modified_gmt":"2026-03-17T16:17:55","slug":"la-cle-des-vignes-privatisee-2","status":"publish","type":"product","link":"https:\/\/aurythmedesvignes.fr\/en\/product\/la-cle-des-vignes-privatisee-2\/","title":{"rendered":"La Cl\u00e9 des Vignes &#8211; Privatis\u00e9e 2"},"content":{"rendered":"","protected":false},"excerpt":{"rendered":"<p>&nbsp;<\/p>\n<p><img fetchpriority=\"high\" decoding=\"async\" class=\"wp-image-2919 aligncenter\" src=\"https:\/\/aurythmedesvignes.fr\/wp-content\/uploads\/2021\/05\/Castiglion-del-Bosco-Tuscany-The-Londoner-1-300x300.jpg\" alt=\"\" width=\"327\" height=\"327\" \/><\/p>\n<p style=\"text-align: center;\">\u2605\u2605\u2605\u2605\u2605<\/p>\n<p style=\"text-align: center;\">\u2605 By choosing to privatize your Privileges &amp; Tastings Tour, you will benefit from the tour services exclusive to your group. Picked up directly at your place of accommodation, you will enjoy an experience tailored to your desires, and even more intimate and privileged encounters with our partner winegrowers.<\/p>\n<p style=\"text-align: center;\">\u2605 You are also completely free to choose the date. From Monday to Sunday and throughout the year, your private wine guide will take you to the heart of the Rh\u00f4ne Valley to taste the most prestigious Crus of the appellation.<\/p>\n<p style=\"text-align: left;\">\u2605 Regarding the visit to the local gastronomic workshop, you decide which visit will then complete your Premium experience: chocolate factory, cheese factory, biscuit factory, honey factory, etc.<\/p>\n<p style=\"text-align: left;\">\u2605 We can also offer you tailor-made services such as electric scooter rides in the vineyards, pastry workshop, discovery and tasting day around the truffle, lunch on the water, ...<\/p>\n<p style=\"text-align: left;\">\u2605 We are at your disposal to offer you an unforgettable experience that suits you!\nto privatize your Privilege &amp; Tasting Tour, you benefit from the services of the tour<\/p>\n<p>&nbsp;<\/p>\n<p><img decoding=\"async\" class=\"aligncenter wp-image-1473 size-medium lazyload\" data-src=\"https:\/\/aurythmedesvignes.fr\/wp-content\/uploads\/2021\/05\/Au-Rythme-des-Vignes-Degustation-sur-fut-200x300.jpg\" alt=\"\" width=\"200\" height=\"300\" data-srcset=\"https:\/\/aurythmedesvignes.fr\/wp-content\/uploads\/2021\/05\/Au-Rythme-des-Vignes-Degustation-sur-fut-200x300.jpg 200w, https:\/\/aurythmedesvignes.fr\/wp-content\/uploads\/2021\/05\/Au-Rythme-des-Vignes-Degustation-sur-fut-683x1024.jpg 683w, https:\/\/aurythmedesvignes.fr\/wp-content\/uploads\/2021\/05\/Au-Rythme-des-Vignes-Degustation-sur-fut-768x1152.jpg 768w, https:\/\/aurythmedesvignes.fr\/wp-content\/uploads\/2021\/05\/Au-Rythme-des-Vignes-Degustation-sur-fut-1024x1536.jpg 1024w, https:\/\/aurythmedesvignes.fr\/wp-content\/uploads\/2021\/05\/Au-Rythme-des-Vignes-Degustation-sur-fut-1365x2048.jpg 1365w, https:\/\/aurythmedesvignes.fr\/wp-content\/uploads\/2021\/05\/Au-Rythme-des-Vignes-Degustation-sur-fut-600x900.jpg 600w, https:\/\/aurythmedesvignes.fr\/wp-content\/uploads\/2021\/05\/Au-Rythme-des-Vignes-Degustation-sur-fut-scaled.jpg 1707w\" data-sizes=\"(max-width: 200px) 100vw, 200px\" src=\"data:image\/svg+xml;base64,PHN2ZyB3aWR0aD0iMSIgaGVpZ2h0PSIxIiB4bWxucz0iaHR0cDovL3d3dy53My5vcmcvMjAwMC9zdmciPjwvc3ZnPg==\" style=\"--smush-placeholder-width: 200px; --smush-placeholder-aspect-ratio: 200\/300;\" \/><\/p>\n<p>&nbsp;<\/p>","protected":false},"featured_media":0,"template":"","meta":[],"product_cat":[117,118],"product_tag":[175,181],"acf":[],"yoast_head":"<!-- This site is optimized with the Yoast SEO plugin v23.5 - https:\/\/yoast.com\/wordpress\/plugins\/seo\/ -->\n<title>La Cl\u00e9 des Vignes - Privatis\u00e9e 2 - Au Rythme Des Vignes<\/title>\n<meta name=\"description\" content=\"Circuit de d\u00e9gustation - Prestation enti\u00e8rement privatis\u00e9e de la prise en charge par votre Guide \u0153nologique aux rencontres avec les vignerons\" \/>\n<meta name=\"robots\" content=\"index, follow, max-snippet:-1, max-image-preview:large, max-video-preview:-1\" \/>\n<link rel=\"canonical\" href=\"https:\/\/aurythmedesvignes.fr\/en\/product\/la-cle-des-vignes-privatisee-2\/\" \/>\n<meta property=\"og:locale\" content=\"en_US\" \/>\n<meta property=\"og:type\" content=\"article\" \/>\n<meta property=\"og:title\" content=\"La Cl\u00e9 des Vignes - Privatis\u00e9e 2 - Au Rythme Des Vignes\" \/>\n<meta property=\"og:description\" content=\"Circuit de d\u00e9gustation - Prestation enti\u00e8rement privatis\u00e9e de la prise en charge par votre Guide \u0153nologique aux rencontres avec les vignerons\" \/>\n<meta property=\"og:url\" content=\"https:\/\/aurythmedesvignes.fr\/en\/product\/la-cle-des-vignes-privatisee-2\/\" \/>\n<meta property=\"og:site_name\" content=\"Au Rythme Des Vignes\" \/>\n<meta property=\"article:modified_time\" content=\"2026-03-17T16:17:55+00:00\" \/>\n<meta name=\"twitter:card\" content=\"summary_large_image\" \/>\n<script type=\"application\/ld+json\" class=\"yoast-schema-graph\">{\"@context\":\"https:\/\/schema.org\",\"@graph\":[{\"@type\":\"WebPage\",\"@id\":\"https:\/\/aurythmedesvignes.fr\/produit\/la-cle-des-vignes-privatisee-2\/\",\"url\":\"https:\/\/aurythmedesvignes.fr\/produit\/la-cle-des-vignes-privatisee-2\/\",\"name\":\"La Cl\u00e9 des Vignes - Privatis\u00e9e 2 - Au Rythme Des Vignes\",\"isPartOf\":{\"@id\":\"https:\/\/aurythmedesvignes.fr\/#website\"},\"datePublished\":\"2023-05-23T19:24:36+00:00\",\"dateModified\":\"2026-03-17T16:17:55+00:00\",\"description\":\"Circuit de d\u00e9gustation - Prestation enti\u00e8rement privatis\u00e9e de la prise en charge par votre Guide \u0153nologique aux rencontres avec les vignerons\",\"breadcrumb\":{\"@id\":\"https:\/\/aurythmedesvignes.fr\/produit\/la-cle-des-vignes-privatisee-2\/#breadcrumb\"},\"inLanguage\":\"en-US\",\"potentialAction\":[{\"@type\":\"ReadAction\",\"target\":[\"https:\/\/aurythmedesvignes.fr\/produit\/la-cle-des-vignes-privatisee-2\/\"]}]},{\"@type\":\"BreadcrumbList\",\"@id\":\"https:\/\/aurythmedesvignes.fr\/produit\/la-cle-des-vignes-privatisee-2\/#breadcrumb\",\"itemListElement\":[{\"@type\":\"ListItem\",\"position\":1,\"name\":\"Accueil\",\"item\":\"https:\/\/aurythmedesvignes.fr\/\"},{\"@type\":\"ListItem\",\"position\":2,\"name\":\"Produits\",\"item\":\"https:\/\/aurythmedesvignes.fr\/shop\/\"},{\"@type\":\"ListItem\",\"position\":3,\"name\":\"La Cl\u00e9 des Vignes &#8211; Privatis\u00e9e 2\"}]},{\"@type\":\"WebSite\",\"@id\":\"https:\/\/aurythmedesvignes.fr\/#website\",\"url\":\"https:\/\/aurythmedesvignes.fr\/\",\"name\":\"Au Rythme Des Vignes\",\"description\":\"Offrez-vous une \u00e9chapp\u00e9e gourmande au c\u0153ur de la Vall\u00e9e du Rh\u00f4ne\",\"publisher\":{\"@id\":\"https:\/\/aurythmedesvignes.fr\/#organization\"},\"potentialAction\":[{\"@type\":\"SearchAction\",\"target\":{\"@type\":\"EntryPoint\",\"urlTemplate\":\"https:\/\/aurythmedesvignes.fr\/?s={search_term_string}\"},\"query-input\":{\"@type\":\"PropertyValueSpecification\",\"valueRequired\":true,\"valueName\":\"search_term_string\"}}],\"inLanguage\":\"en-US\"},{\"@type\":\"Organization\",\"@id\":\"https:\/\/aurythmedesvignes.fr\/#organization\",\"name\":\"Au Rythme des Vignes\",\"url\":\"https:\/\/aurythmedesvignes.fr\/\",\"logo\":{\"@type\":\"ImageObject\",\"inLanguage\":\"en-US\",\"@id\":\"https:\/\/aurythmedesvignes.fr\/#\/schema\/logo\/image\/\",\"url\":\"https:\/\/aurythmedesvignes.fr\/wp-content\/uploads\/2021\/02\/Logo-transparent-1.png\",\"contentUrl\":\"https:\/\/aurythmedesvignes.fr\/wp-content\/uploads\/2021\/02\/Logo-transparent-1.png\",\"width\":634,\"height\":449,\"caption\":\"Au Rythme des Vignes\"},\"image\":{\"@id\":\"https:\/\/aurythmedesvignes.fr\/#\/schema\/logo\/image\/\"}}]}<\/script>\n<!-- \/ Yoast SEO plugin. -->","yoast_head_json":{"title":"La Cl\u00e9 des Vignes - Privatis\u00e9e 2 - Au Rythme Des Vignes","description":"Circuit de d\u00e9gustation - Prestation enti\u00e8rement privatis\u00e9e de la prise en charge par votre Guide \u0153nologique aux rencontres avec les vignerons","robots":{"index":"index","follow":"follow","max-snippet":"max-snippet:-1","max-image-preview":"max-image-preview:large","max-video-preview":"max-video-preview:-1"},"canonical":"https:\/\/aurythmedesvignes.fr\/en\/product\/la-cle-des-vignes-privatisee-2\/","og_locale":"en_US","og_type":"article","og_title":"La Cl\u00e9 des Vignes - Privatis\u00e9e 2 - Au Rythme Des Vignes","og_description":"Circuit de d\u00e9gustation - Prestation enti\u00e8rement privatis\u00e9e de la prise en charge par votre Guide \u0153nologique aux rencontres avec les vignerons","og_url":"https:\/\/aurythmedesvignes.fr\/en\/product\/la-cle-des-vignes-privatisee-2\/","og_site_name":"Au Rythme Des Vignes","article_modified_time":"2026-03-17T16:17:55+00:00","twitter_card":"summary_large_image","schema":{"@context":"https:\/\/schema.org","@graph":[{"@type":"WebPage","@id":"https:\/\/aurythmedesvignes.fr\/produit\/la-cle-des-vignes-privatisee-2\/","url":"https:\/\/aurythmedesvignes.fr\/produit\/la-cle-des-vignes-privatisee-2\/","name":"La Cl\u00e9 des Vignes - Privatis\u00e9e 2 - Au Rythme Des Vignes","isPartOf":{"@id":"https:\/\/aurythmedesvignes.fr\/#website"},"datePublished":"2023-05-23T19:24:36+00:00","dateModified":"2026-03-17T16:17:55+00:00","description":"Circuit de d\u00e9gustation - Prestation enti\u00e8rement privatis\u00e9e de la prise en charge par votre Guide \u0153nologique aux rencontres avec les vignerons","breadcrumb":{"@id":"https:\/\/aurythmedesvignes.fr\/produit\/la-cle-des-vignes-privatisee-2\/#breadcrumb"},"inLanguage":"en-US","potentialAction":[{"@type":"ReadAction","target":["https:\/\/aurythmedesvignes.fr\/produit\/la-cle-des-vignes-privatisee-2\/"]}]},{"@type":"BreadcrumbList","@id":"https:\/\/aurythmedesvignes.fr\/produit\/la-cle-des-vignes-privatisee-2\/#breadcrumb","itemListElement":[{"@type":"ListItem","position":1,"name":"Accueil","item":"https:\/\/aurythmedesvignes.fr\/"},{"@type":"ListItem","position":2,"name":"Produits","item":"https:\/\/aurythmedesvignes.fr\/shop\/"},{"@type":"ListItem","position":3,"name":"La Cl\u00e9 des Vignes &#8211; Privatis\u00e9e 2"}]},{"@type":"WebSite","@id":"https:\/\/aurythmedesvignes.fr\/#website","url":"https:\/\/aurythmedesvignes.fr\/","name":"Au Rythme Des Vignes","description":"Offrez-vous une \u00e9chapp\u00e9e gourmande au c\u0153ur de la Vall\u00e9e du Rh\u00f4ne","publisher":{"@id":"https:\/\/aurythmedesvignes.fr\/#organization"},"potentialAction":[{"@type":"SearchAction","target":{"@type":"EntryPoint","urlTemplate":"https:\/\/aurythmedesvignes.fr\/?s={search_term_string}"},"query-input":{"@type":"PropertyValueSpecification","valueRequired":true,"valueName":"search_term_string"}}],"inLanguage":"en-US"},{"@type":"Organization","@id":"https:\/\/aurythmedesvignes.fr\/#organization","name":"Au Rythme des Vignes","url":"https:\/\/aurythmedesvignes.fr\/","logo":{"@type":"ImageObject","inLanguage":"en-US","@id":"https:\/\/aurythmedesvignes.fr\/#\/schema\/logo\/image\/","url":"https:\/\/aurythmedesvignes.fr\/wp-content\/uploads\/2021\/02\/Logo-transparent-1.png","contentUrl":"https:\/\/aurythmedesvignes.fr\/wp-content\/uploads\/2021\/02\/Logo-transparent-1.png","width":634,"height":449,"caption":"Au Rythme des Vignes"},"image":{"@id":"https:\/\/aurythmedesvignes.fr\/#\/schema\/logo\/image\/"}}]}},"_links":{"self":[{"href":"https:\/\/aurythmedesvignes.fr\/en\/wp-json\/wp\/v2\/product\/4198"}],"collection":[{"href":"https:\/\/aurythmedesvignes.fr\/en\/wp-json\/wp\/v2\/product"}],"about":[{"href":"https:\/\/aurythmedesvignes.fr\/en\/wp-json\/wp\/v2\/types\/product"}],"version-history":[{"count":2,"href":"https:\/\/aurythmedesvignes.fr\/en\/wp-json\/wp\/v2\/product\/4198\/revisions"}],"predecessor-version":[{"id":4583,"href":"https:\/\/aurythmedesvignes.fr\/en\/wp-json\/wp\/v2\/product\/4198\/revisions\/4583"}],"wp:attachment":[{"href":"https:\/\/aurythmedesvignes.fr\/en\/wp-json\/wp\/v2\/media?parent=4198"}],"wp:term":[{"taxonomy":"product_cat","embeddable":true,"href":"https:\/\/aurythmedesvignes.fr\/en\/wp-json\/wp\/v2\/product_cat?post=4198"},{"taxonomy":"product_tag","embeddable":true,"href":"https:\/\/aurythmedesvignes.fr\/en\/wp-json\/wp\/v2\/product_tag?post=4198"}],"curies":[{"name":"wp","href":"https:\/\/api.w.org\/{rel}","templated":true}]}}