{"id":3691,"date":"2023-04-13T08:03:28","date_gmt":"2023-04-13T06:03:28","guid":{"rendered":"https:\/\/aurythmedesvignes.fr\/?post_type=product&#038;p=3691"},"modified":"2023-05-23T20:51:45","modified_gmt":"2023-05-23T18:51:45","slug":"offre-pro","status":"publish","type":"product","link":"https:\/\/aurythmedesvignes.fr\/en\/product\/offre-pro\/","title":{"rendered":"Offre pro"},"content":{"rendered":"\t\t<div data-elementor-type=\"product-post\" data-elementor-id=\"3691\" class=\"elementor elementor-3691\" data-elementor-post-type=\"product\">\n\t\t\t\t\t\t<section class=\"elementor-section elementor-top-section elementor-element elementor-element-6b66827e elementor-section-boxed elementor-section-height-default elementor-section-height-default\" data-id=\"6b66827e\" data-element_type=\"section\">\n\t\t\t\t\t\t<div class=\"elementor-container elementor-column-gap-default\">\n\t\t\t\t\t<div class=\"elementor-column elementor-col-100 elementor-top-column elementor-element elementor-element-3f373a6\" data-id=\"3f373a6\" data-element_type=\"column\">\n\t\t\t<div class=\"elementor-widget-wrap elementor-element-populated\">\n\t\t\t\t\t\t<div class=\"elementor-element elementor-element-70d00a3e elementor-widget elementor-widget-text-editor\" data-id=\"70d00a3e\" data-element_type=\"widget\" data-widget_type=\"text-editor.default\">\n\t\t\t\t<div class=\"elementor-widget-container\">\n\t\t\t\t\t\t\t\t\t<h3><strong>[wpsbc id=\u00a0\u00bbnull\u00a0\u00bb title=\u00a0\u00bbyes\u00a0\u00bb legend=\u00a0\u00bbyes\u00a0\u00bb legend_position=\u00a0\u00bbside\u00a0\u00bb language=\u00a0\u00bbauto\u00a0\u00bb]Circuit une journ\u00e9e &#8211; Vall\u00e9e du Rh\u00f4ne<\/strong><\/h3>\n<strong>&#8212; Prise en charge \u00e0 8h30 par votre guide \u0153nologique &#8212;<\/strong>\n\nRendez-vous place Bellecour \u00e0 Lyon pour les circuits \u00e0 la place.\n\nPour les prestations privatis\u00e9es, prise en charge libre, directement sur votre lieu d&rsquo;h\u00e9bergement entre Lyon et Valence. La prise en charge peut \u00e9galement \u00eatre r\u00e9alis\u00e9e en gare ou a\u00e9roport.\n\n&nbsp;\n\n<strong>&#8212; Visites de deux domaines viticoles dans la journ\u00e9e &#8212;<\/strong>\n\nD\u00e9gustations comment\u00e9es, rencontres privil\u00e9gi\u00e9es avec les vignerons, balade dans les vignes et d\u00e9couverte d&rsquo;un chai de vinification.\n\n&nbsp;\n\n<strong>&#8212; D\u00e9jeuner accord mets et vins &#8212;<\/strong>\n\nD\u00e9couverte et d\u00e9gustation de produits r\u00e9gionaux accord\u00e9s avec une s\u00e9lection de deux vins.\n\n&nbsp;\n\n<strong>&#8212; D\u00e9couverte d&rsquo;un atelier artisanal gastronomique &#8212;<\/strong>\n\nVisite et d\u00e9gustation en fromagerie, miellerie ou biscuiterie artisanale.\n\n&nbsp;\n\n<strong>&#8212; Retour en fin de journ\u00e9e sur le lieu de prise en charge &#8212;<\/strong>\t\t\t\t\t\t\t\t<\/div>\n\t\t\t\t<\/div>\n\t\t\t\t\t<\/div>\n\t\t<\/div>\n\t\t\t\t\t<\/div>\n\t\t<\/section>\n\t\t\t\t<\/div>\n\t\t","protected":false},"excerpt":{"rendered":"<p>One Day Tour- \u2013 Vall\u00e9e du Rh\u00f4ne<\/p>","protected":false},"featured_media":646,"template":"","meta":[],"product_cat":[117,118],"product_tag":[107,180],"acf":[],"yoast_head":"<!-- This site is optimized with the Yoast SEO plugin v23.5 - https:\/\/yoast.com\/wordpress\/plugins\/seo\/ -->\n<title>Offre pro - Au Rythme Des Vignes<\/title>\n<meta name=\"description\" content=\"CIRCUIT PRIVILEGE et DEGUSTATION. Prenez la Cl\u00e9 des Vignes et partez \u00e0 la d\u00e9couverte des richesses viticoles et gastronomiques locales.\" \/>\n<meta name=\"robots\" content=\"index, follow, max-snippet:-1, max-image-preview:large, max-video-preview:-1\" \/>\n<link rel=\"canonical\" href=\"https:\/\/aurythmedesvignes.fr\/en\/product\/offre-pro\/\" \/>\n<meta property=\"og:locale\" content=\"en_US\" \/>\n<meta property=\"og:type\" content=\"article\" \/>\n<meta property=\"og:title\" content=\"Offre pro - Au Rythme Des Vignes\" \/>\n<meta property=\"og:description\" content=\"CIRCUIT PRIVILEGE et DEGUSTATION. Prenez la Cl\u00e9 des Vignes et partez \u00e0 la d\u00e9couverte des richesses viticoles et gastronomiques locales.\" \/>\n<meta property=\"og:url\" content=\"https:\/\/aurythmedesvignes.fr\/en\/product\/offre-pro\/\" \/>\n<meta property=\"og:site_name\" content=\"Au Rythme Des Vignes\" \/>\n<meta property=\"article:modified_time\" content=\"2023-05-23T18:51:45+00:00\" \/>\n<meta property=\"og:image\" content=\"https:\/\/aurythmedesvignes.fr\/wp-content\/uploads\/2021\/02\/arriere-plan-pages-23-et-4-scaled-e1662715955707.jpg\" \/>\n\t<meta property=\"og:image:width\" content=\"2560\" \/>\n\t<meta property=\"og:image:height\" content=\"568\" \/>\n\t<meta property=\"og:image:type\" content=\"image\/jpeg\" \/>\n<meta name=\"twitter:card\" content=\"summary_large_image\" \/>\n<meta name=\"twitter:label1\" content=\"Est. reading time\" \/>\n\t<meta name=\"twitter:data1\" content=\"1 minute\" \/>\n<script type=\"application\/ld+json\" class=\"yoast-schema-graph\">{\"@context\":\"https:\/\/schema.org\",\"@graph\":[{\"@type\":\"WebPage\",\"@id\":\"https:\/\/aurythmedesvignes.fr\/produit\/offre-pro\/\",\"url\":\"https:\/\/aurythmedesvignes.fr\/produit\/offre-pro\/\",\"name\":\"Offre pro - Au Rythme Des Vignes\",\"isPartOf\":{\"@id\":\"https:\/\/aurythmedesvignes.fr\/#website\"},\"primaryImageOfPage\":{\"@id\":\"https:\/\/aurythmedesvignes.fr\/produit\/offre-pro\/#primaryimage\"},\"image\":{\"@id\":\"https:\/\/aurythmedesvignes.fr\/produit\/offre-pro\/#primaryimage\"},\"thumbnailUrl\":\"https:\/\/aurythmedesvignes.fr\/wp-content\/uploads\/2021\/02\/arriere-plan-pages-23-et-4-scaled-e1662715955707.jpg\",\"datePublished\":\"2023-04-13T06:03:28+00:00\",\"dateModified\":\"2023-05-23T18:51:45+00:00\",\"description\":\"CIRCUIT PRIVILEGE et DEGUSTATION. Prenez la Cl\u00e9 des Vignes et partez \u00e0 la d\u00e9couverte des richesses viticoles et gastronomiques locales.\",\"breadcrumb\":{\"@id\":\"https:\/\/aurythmedesvignes.fr\/produit\/offre-pro\/#breadcrumb\"},\"inLanguage\":\"en-US\",\"potentialAction\":[{\"@type\":\"ReadAction\",\"target\":[\"https:\/\/aurythmedesvignes.fr\/produit\/offre-pro\/\"]}]},{\"@type\":\"ImageObject\",\"inLanguage\":\"en-US\",\"@id\":\"https:\/\/aurythmedesvignes.fr\/produit\/offre-pro\/#primaryimage\",\"url\":\"https:\/\/aurythmedesvignes.fr\/wp-content\/uploads\/2021\/02\/arriere-plan-pages-23-et-4-scaled-e1662715955707.jpg\",\"contentUrl\":\"https:\/\/aurythmedesvignes.fr\/wp-content\/uploads\/2021\/02\/arriere-plan-pages-23-et-4-scaled-e1662715955707.jpg\",\"width\":2560,\"height\":568},{\"@type\":\"BreadcrumbList\",\"@id\":\"https:\/\/aurythmedesvignes.fr\/produit\/offre-pro\/#breadcrumb\",\"itemListElement\":[{\"@type\":\"ListItem\",\"position\":1,\"name\":\"Accueil\",\"item\":\"https:\/\/aurythmedesvignes.fr\/\"},{\"@type\":\"ListItem\",\"position\":2,\"name\":\"Produits\",\"item\":\"https:\/\/aurythmedesvignes.fr\/shop\/\"},{\"@type\":\"ListItem\",\"position\":3,\"name\":\"Offre pro\"}]},{\"@type\":\"WebSite\",\"@id\":\"https:\/\/aurythmedesvignes.fr\/#website\",\"url\":\"https:\/\/aurythmedesvignes.fr\/\",\"name\":\"Au Rythme Des Vignes\",\"description\":\"Offrez-vous une \u00e9chapp\u00e9e gourmande au c\u0153ur de la Vall\u00e9e du Rh\u00f4ne\",\"publisher\":{\"@id\":\"https:\/\/aurythmedesvignes.fr\/#organization\"},\"potentialAction\":[{\"@type\":\"SearchAction\",\"target\":{\"@type\":\"EntryPoint\",\"urlTemplate\":\"https:\/\/aurythmedesvignes.fr\/?s={search_term_string}\"},\"query-input\":{\"@type\":\"PropertyValueSpecification\",\"valueRequired\":true,\"valueName\":\"search_term_string\"}}],\"inLanguage\":\"en-US\"},{\"@type\":\"Organization\",\"@id\":\"https:\/\/aurythmedesvignes.fr\/#organization\",\"name\":\"Au Rythme des Vignes\",\"url\":\"https:\/\/aurythmedesvignes.fr\/\",\"logo\":{\"@type\":\"ImageObject\",\"inLanguage\":\"en-US\",\"@id\":\"https:\/\/aurythmedesvignes.fr\/#\/schema\/logo\/image\/\",\"url\":\"https:\/\/aurythmedesvignes.fr\/wp-content\/uploads\/2021\/02\/Logo-transparent-1.png\",\"contentUrl\":\"https:\/\/aurythmedesvignes.fr\/wp-content\/uploads\/2021\/02\/Logo-transparent-1.png\",\"width\":634,\"height\":449,\"caption\":\"Au Rythme des Vignes\"},\"image\":{\"@id\":\"https:\/\/aurythmedesvignes.fr\/#\/schema\/logo\/image\/\"}}]}<\/script>\n<!-- \/ Yoast SEO plugin. -->","yoast_head_json":{"title":"Offre pro - Au Rythme Des Vignes","description":"CIRCUIT PRIVILEGE et DEGUSTATION. Prenez la Cl\u00e9 des Vignes et partez \u00e0 la d\u00e9couverte des richesses viticoles et gastronomiques locales.","robots":{"index":"index","follow":"follow","max-snippet":"max-snippet:-1","max-image-preview":"max-image-preview:large","max-video-preview":"max-video-preview:-1"},"canonical":"https:\/\/aurythmedesvignes.fr\/en\/product\/offre-pro\/","og_locale":"en_US","og_type":"article","og_title":"Offre pro - Au Rythme Des Vignes","og_description":"CIRCUIT PRIVILEGE et DEGUSTATION. Prenez la Cl\u00e9 des Vignes et partez \u00e0 la d\u00e9couverte des richesses viticoles et gastronomiques locales.","og_url":"https:\/\/aurythmedesvignes.fr\/en\/product\/offre-pro\/","og_site_name":"Au Rythme Des Vignes","article_modified_time":"2023-05-23T18:51:45+00:00","og_image":[{"width":2560,"height":568,"url":"https:\/\/aurythmedesvignes.fr\/wp-content\/uploads\/2021\/02\/arriere-plan-pages-23-et-4-scaled-e1662715955707.jpg","type":"image\/jpeg"}],"twitter_card":"summary_large_image","twitter_misc":{"Est. reading time":"1 minute"},"schema":{"@context":"https:\/\/schema.org","@graph":[{"@type":"WebPage","@id":"https:\/\/aurythmedesvignes.fr\/produit\/offre-pro\/","url":"https:\/\/aurythmedesvignes.fr\/produit\/offre-pro\/","name":"Offre pro - Au Rythme Des Vignes","isPartOf":{"@id":"https:\/\/aurythmedesvignes.fr\/#website"},"primaryImageOfPage":{"@id":"https:\/\/aurythmedesvignes.fr\/produit\/offre-pro\/#primaryimage"},"image":{"@id":"https:\/\/aurythmedesvignes.fr\/produit\/offre-pro\/#primaryimage"},"thumbnailUrl":"https:\/\/aurythmedesvignes.fr\/wp-content\/uploads\/2021\/02\/arriere-plan-pages-23-et-4-scaled-e1662715955707.jpg","datePublished":"2023-04-13T06:03:28+00:00","dateModified":"2023-05-23T18:51:45+00:00","description":"CIRCUIT PRIVILEGE et DEGUSTATION. Prenez la Cl\u00e9 des Vignes et partez \u00e0 la d\u00e9couverte des richesses viticoles et gastronomiques locales.","breadcrumb":{"@id":"https:\/\/aurythmedesvignes.fr\/produit\/offre-pro\/#breadcrumb"},"inLanguage":"en-US","potentialAction":[{"@type":"ReadAction","target":["https:\/\/aurythmedesvignes.fr\/produit\/offre-pro\/"]}]},{"@type":"ImageObject","inLanguage":"en-US","@id":"https:\/\/aurythmedesvignes.fr\/produit\/offre-pro\/#primaryimage","url":"https:\/\/aurythmedesvignes.fr\/wp-content\/uploads\/2021\/02\/arriere-plan-pages-23-et-4-scaled-e1662715955707.jpg","contentUrl":"https:\/\/aurythmedesvignes.fr\/wp-content\/uploads\/2021\/02\/arriere-plan-pages-23-et-4-scaled-e1662715955707.jpg","width":2560,"height":568},{"@type":"BreadcrumbList","@id":"https:\/\/aurythmedesvignes.fr\/produit\/offre-pro\/#breadcrumb","itemListElement":[{"@type":"ListItem","position":1,"name":"Accueil","item":"https:\/\/aurythmedesvignes.fr\/"},{"@type":"ListItem","position":2,"name":"Produits","item":"https:\/\/aurythmedesvignes.fr\/shop\/"},{"@type":"ListItem","position":3,"name":"Offre pro"}]},{"@type":"WebSite","@id":"https:\/\/aurythmedesvignes.fr\/#website","url":"https:\/\/aurythmedesvignes.fr\/","name":"Au Rythme Des Vignes","description":"Offrez-vous une \u00e9chapp\u00e9e gourmande au c\u0153ur de la Vall\u00e9e du Rh\u00f4ne","publisher":{"@id":"https:\/\/aurythmedesvignes.fr\/#organization"},"potentialAction":[{"@type":"SearchAction","target":{"@type":"EntryPoint","urlTemplate":"https:\/\/aurythmedesvignes.fr\/?s={search_term_string}"},"query-input":{"@type":"PropertyValueSpecification","valueRequired":true,"valueName":"search_term_string"}}],"inLanguage":"en-US"},{"@type":"Organization","@id":"https:\/\/aurythmedesvignes.fr\/#organization","name":"Au Rythme des Vignes","url":"https:\/\/aurythmedesvignes.fr\/","logo":{"@type":"ImageObject","inLanguage":"en-US","@id":"https:\/\/aurythmedesvignes.fr\/#\/schema\/logo\/image\/","url":"https:\/\/aurythmedesvignes.fr\/wp-content\/uploads\/2021\/02\/Logo-transparent-1.png","contentUrl":"https:\/\/aurythmedesvignes.fr\/wp-content\/uploads\/2021\/02\/Logo-transparent-1.png","width":634,"height":449,"caption":"Au Rythme des Vignes"},"image":{"@id":"https:\/\/aurythmedesvignes.fr\/#\/schema\/logo\/image\/"}}]}},"_links":{"self":[{"href":"https:\/\/aurythmedesvignes.fr\/en\/wp-json\/wp\/v2\/product\/3691"}],"collection":[{"href":"https:\/\/aurythmedesvignes.fr\/en\/wp-json\/wp\/v2\/product"}],"about":[{"href":"https:\/\/aurythmedesvignes.fr\/en\/wp-json\/wp\/v2\/types\/product"}],"version-history":[{"count":4,"href":"https:\/\/aurythmedesvignes.fr\/en\/wp-json\/wp\/v2\/product\/3691\/revisions"}],"predecessor-version":[{"id":4179,"href":"https:\/\/aurythmedesvignes.fr\/en\/wp-json\/wp\/v2\/product\/3691\/revisions\/4179"}],"wp:featuredmedia":[{"embeddable":true,"href":"https:\/\/aurythmedesvignes.fr\/en\/wp-json\/wp\/v2\/media\/646"}],"wp:attachment":[{"href":"https:\/\/aurythmedesvignes.fr\/en\/wp-json\/wp\/v2\/media?parent=3691"}],"wp:term":[{"taxonomy":"product_cat","embeddable":true,"href":"https:\/\/aurythmedesvignes.fr\/en\/wp-json\/wp\/v2\/product_cat?post=3691"},{"taxonomy":"product_tag","embeddable":true,"href":"https:\/\/aurythmedesvignes.fr\/en\/wp-json\/wp\/v2\/product_tag?post=3691"}],"curies":[{"name":"wp","href":"https:\/\/api.w.org\/{rel}","templated":true}]}}