{"id":1891,"date":"2021-08-10T19:25:13","date_gmt":"2021-08-10T17:25:13","guid":{"rendered":"https:\/\/aurythmedesvignes.fr\/?post_type=product&#038;p=1891"},"modified":"2023-07-06T18:07:37","modified_gmt":"2023-07-06T16:07:37","slug":"offrir-la-cle-des-vignes-privatisee","status":"publish","type":"product","link":"https:\/\/aurythmedesvignes.fr\/en\/product\/offrir-la-cle-des-vignes-privatisee\/","title":{"rendered":"Offering the key to the vineyards \u2013 Privatized Tour"},"content":{"rendered":"","protected":false},"excerpt":{"rendered":"<p><img fetchpriority=\"high\" decoding=\"async\" class=\"wp-image-2919 aligncenter\" src=\"https:\/\/aurythmedesvignes.fr\/wp-content\/uploads\/2021\/05\/Castiglion-del-Bosco-Tuscany-The-Londoner-1-300x300.jpg\" alt=\"\" width=\"327\" height=\"327\" \/><\/p>\n<p style=\"text-align: center;\">\u2605\u2605\u2605\u2605\u2605<\/p>\n<p style=\"text-align: center;\">\u2605 By choosing to privatize your Privileges &amp; Tastings Tour, you will benefit from the tour services exclusive to your group. Picked up directly at your place of accommodation, you will enjoy an experience tailored to your desires, and even more intimate and privileged encounters with our partner winegrowers.<\/p>\n<p style=\"text-align: center;\">\u2605 You are also completely free to choose the date. From Monday to Sunday and throughout the year, your private wine guide will take you to the heart of the Rh\u00f4ne Valley to taste the most prestigious Crus of the appellation.<\/p>\n<p style=\"text-align: left;\">\u2605 Regarding the visit to the local gastronomic workshop, you decide which visit will then complete your Premium experience: chocolate factory, cheese factory, biscuit factory, honey factory, etc.<\/p>\n<p style=\"text-align: left;\">\u2605 We can also offer you tailor-made services such as electric scooter rides in the vineyards, pastry workshop, discovery and tasting day around the truffle, lunch on the water, ...<\/p>\n<p style=\"text-align: left;\">\u2605 We are at your disposal to offer you an unforgettable experience that suits you!\nto privatize your Privilege &amp; Tasting Tour, you benefit from the services of the tour<\/p>\n<p>&nbsp;<\/p>\n<p><img decoding=\"async\" class=\"aligncenter wp-image-1473 size-medium lazyload\" data-src=\"https:\/\/aurythmedesvignes.fr\/wp-content\/uploads\/2021\/05\/Au-Rythme-des-Vignes-Degustation-sur-fut-200x300.jpg\" alt=\"\" width=\"200\" height=\"300\" data-srcset=\"https:\/\/aurythmedesvignes.fr\/wp-content\/uploads\/2021\/05\/Au-Rythme-des-Vignes-Degustation-sur-fut-200x300.jpg 200w, https:\/\/aurythmedesvignes.fr\/wp-content\/uploads\/2021\/05\/Au-Rythme-des-Vignes-Degustation-sur-fut-683x1024.jpg 683w, https:\/\/aurythmedesvignes.fr\/wp-content\/uploads\/2021\/05\/Au-Rythme-des-Vignes-Degustation-sur-fut-768x1152.jpg 768w, https:\/\/aurythmedesvignes.fr\/wp-content\/uploads\/2021\/05\/Au-Rythme-des-Vignes-Degustation-sur-fut-1024x1536.jpg 1024w, https:\/\/aurythmedesvignes.fr\/wp-content\/uploads\/2021\/05\/Au-Rythme-des-Vignes-Degustation-sur-fut-1365x2048.jpg 1365w, https:\/\/aurythmedesvignes.fr\/wp-content\/uploads\/2021\/05\/Au-Rythme-des-Vignes-Degustation-sur-fut-600x900.jpg 600w, https:\/\/aurythmedesvignes.fr\/wp-content\/uploads\/2021\/05\/Au-Rythme-des-Vignes-Degustation-sur-fut-scaled.jpg 1707w\" data-sizes=\"(max-width: 200px) 100vw, 200px\" src=\"data:image\/svg+xml;base64,PHN2ZyB3aWR0aD0iMSIgaGVpZ2h0PSIxIiB4bWxucz0iaHR0cDovL3d3dy53My5vcmcvMjAwMC9zdmciPjwvc3ZnPg==\" style=\"--smush-placeholder-width: 200px; --smush-placeholder-aspect-ratio: 200\/300;\" \/><\/p>\n<p>&nbsp;<\/p>","protected":false},"featured_media":1463,"template":"","meta":[],"product_cat":[133,117],"product_tag":[189],"acf":[],"yoast_head":"<!-- This site is optimized with the Yoast SEO plugin v23.5 - https:\/\/yoast.com\/wordpress\/plugins\/seo\/ -->\n<title>Offrir la cl\u00e9 des vignes - Privatis\u00e9e - Au Rythme Des Vignes<\/title>\n<meta name=\"description\" content=\"Offrir la cl\u00e9 des vignes... En choisissant de privatiser votre Circuit Privil\u00e8ges &amp; D\u00e9gustations, vous b\u00e9n\u00e9ficier des prestations du circuit exclusivement pour votre groupe.\" \/>\n<meta name=\"robots\" content=\"index, follow, max-snippet:-1, max-image-preview:large, max-video-preview:-1\" \/>\n<link rel=\"canonical\" href=\"https:\/\/aurythmedesvignes.fr\/en\/product\/offrir-la-cle-des-vignes-privatisee\/\" \/>\n<meta property=\"og:locale\" content=\"en_US\" \/>\n<meta property=\"og:type\" content=\"article\" \/>\n<meta property=\"og:title\" content=\"Offrir la cl\u00e9 des vignes - Privatis\u00e9e - Au Rythme Des Vignes\" \/>\n<meta property=\"og:description\" content=\"Offrir la cl\u00e9 des vignes... En choisissant de privatiser votre Circuit Privil\u00e8ges &amp; D\u00e9gustations, vous b\u00e9n\u00e9ficier des prestations du circuit exclusivement pour votre groupe.\" \/>\n<meta property=\"og:url\" content=\"https:\/\/aurythmedesvignes.fr\/en\/product\/offrir-la-cle-des-vignes-privatisee\/\" \/>\n<meta property=\"og:site_name\" content=\"Au Rythme Des Vignes\" \/>\n<meta property=\"article:modified_time\" content=\"2023-07-06T16:07:37+00:00\" \/>\n<meta property=\"og:image\" content=\"https:\/\/aurythmedesvignes.fr\/wp-content\/uploads\/2021\/05\/20210522_110205-m-scaled.jpg\" \/>\n\t<meta property=\"og:image:width\" content=\"2560\" \/>\n\t<meta property=\"og:image:height\" content=\"1182\" \/>\n\t<meta property=\"og:image:type\" content=\"image\/jpeg\" \/>\n<meta name=\"twitter:card\" content=\"summary_large_image\" \/>\n<script type=\"application\/ld+json\" class=\"yoast-schema-graph\">{\"@context\":\"https:\/\/schema.org\",\"@graph\":[{\"@type\":\"WebPage\",\"@id\":\"https:\/\/aurythmedesvignes.fr\/produit\/offrir-la-cle-des-vignes-privatisee\/\",\"url\":\"https:\/\/aurythmedesvignes.fr\/produit\/offrir-la-cle-des-vignes-privatisee\/\",\"name\":\"Offrir la cl\u00e9 des vignes - Privatis\u00e9e - Au Rythme Des Vignes\",\"isPartOf\":{\"@id\":\"https:\/\/aurythmedesvignes.fr\/#website\"},\"primaryImageOfPage\":{\"@id\":\"https:\/\/aurythmedesvignes.fr\/produit\/offrir-la-cle-des-vignes-privatisee\/#primaryimage\"},\"image\":{\"@id\":\"https:\/\/aurythmedesvignes.fr\/produit\/offrir-la-cle-des-vignes-privatisee\/#primaryimage\"},\"thumbnailUrl\":\"https:\/\/aurythmedesvignes.fr\/wp-content\/uploads\/2021\/05\/20210522_110205-m-scaled.jpg\",\"datePublished\":\"2021-08-10T17:25:13+00:00\",\"dateModified\":\"2023-07-06T16:07:37+00:00\",\"description\":\"Offrir la cl\u00e9 des vignes... En choisissant de privatiser votre Circuit Privil\u00e8ges & D\u00e9gustations, vous b\u00e9n\u00e9ficier des prestations du circuit exclusivement pour votre groupe.\",\"breadcrumb\":{\"@id\":\"https:\/\/aurythmedesvignes.fr\/produit\/offrir-la-cle-des-vignes-privatisee\/#breadcrumb\"},\"inLanguage\":\"en-US\",\"potentialAction\":[{\"@type\":\"ReadAction\",\"target\":[\"https:\/\/aurythmedesvignes.fr\/produit\/offrir-la-cle-des-vignes-privatisee\/\"]}]},{\"@type\":\"ImageObject\",\"inLanguage\":\"en-US\",\"@id\":\"https:\/\/aurythmedesvignes.fr\/produit\/offrir-la-cle-des-vignes-privatisee\/#primaryimage\",\"url\":\"https:\/\/aurythmedesvignes.fr\/wp-content\/uploads\/2021\/05\/20210522_110205-m-scaled.jpg\",\"contentUrl\":\"https:\/\/aurythmedesvignes.fr\/wp-content\/uploads\/2021\/05\/20210522_110205-m-scaled.jpg\",\"width\":2560,\"height\":1182,\"caption\":\"circuit d\u00e9gustation privatis\u00e9\"},{\"@type\":\"BreadcrumbList\",\"@id\":\"https:\/\/aurythmedesvignes.fr\/produit\/offrir-la-cle-des-vignes-privatisee\/#breadcrumb\",\"itemListElement\":[{\"@type\":\"ListItem\",\"position\":1,\"name\":\"Accueil\",\"item\":\"https:\/\/aurythmedesvignes.fr\/\"},{\"@type\":\"ListItem\",\"position\":2,\"name\":\"Produits\",\"item\":\"https:\/\/aurythmedesvignes.fr\/shop\/\"},{\"@type\":\"ListItem\",\"position\":3,\"name\":\"Offrir la cl\u00e9 des vignes &#8211; Privatis\u00e9e\"}]},{\"@type\":\"WebSite\",\"@id\":\"https:\/\/aurythmedesvignes.fr\/#website\",\"url\":\"https:\/\/aurythmedesvignes.fr\/\",\"name\":\"Au Rythme Des Vignes\",\"description\":\"Offrez-vous une \u00e9chapp\u00e9e gourmande au c\u0153ur de la Vall\u00e9e du Rh\u00f4ne\",\"publisher\":{\"@id\":\"https:\/\/aurythmedesvignes.fr\/#organization\"},\"potentialAction\":[{\"@type\":\"SearchAction\",\"target\":{\"@type\":\"EntryPoint\",\"urlTemplate\":\"https:\/\/aurythmedesvignes.fr\/?s={search_term_string}\"},\"query-input\":{\"@type\":\"PropertyValueSpecification\",\"valueRequired\":true,\"valueName\":\"search_term_string\"}}],\"inLanguage\":\"en-US\"},{\"@type\":\"Organization\",\"@id\":\"https:\/\/aurythmedesvignes.fr\/#organization\",\"name\":\"Au Rythme des Vignes\",\"url\":\"https:\/\/aurythmedesvignes.fr\/\",\"logo\":{\"@type\":\"ImageObject\",\"inLanguage\":\"en-US\",\"@id\":\"https:\/\/aurythmedesvignes.fr\/#\/schema\/logo\/image\/\",\"url\":\"https:\/\/aurythmedesvignes.fr\/wp-content\/uploads\/2021\/02\/Logo-transparent-1.png\",\"contentUrl\":\"https:\/\/aurythmedesvignes.fr\/wp-content\/uploads\/2021\/02\/Logo-transparent-1.png\",\"width\":634,\"height\":449,\"caption\":\"Au Rythme des Vignes\"},\"image\":{\"@id\":\"https:\/\/aurythmedesvignes.fr\/#\/schema\/logo\/image\/\"}}]}<\/script>\n<!-- \/ Yoast SEO plugin. -->","yoast_head_json":{"title":"Offrir la cl\u00e9 des vignes - Privatis\u00e9e - Au Rythme Des Vignes","description":"Offrir la cl\u00e9 des vignes... En choisissant de privatiser votre Circuit Privil\u00e8ges & D\u00e9gustations, vous b\u00e9n\u00e9ficier des prestations du circuit exclusivement pour votre groupe.","robots":{"index":"index","follow":"follow","max-snippet":"max-snippet:-1","max-image-preview":"max-image-preview:large","max-video-preview":"max-video-preview:-1"},"canonical":"https:\/\/aurythmedesvignes.fr\/en\/product\/offrir-la-cle-des-vignes-privatisee\/","og_locale":"en_US","og_type":"article","og_title":"Offrir la cl\u00e9 des vignes - Privatis\u00e9e - Au Rythme Des Vignes","og_description":"Offrir la cl\u00e9 des vignes... En choisissant de privatiser votre Circuit Privil\u00e8ges & D\u00e9gustations, vous b\u00e9n\u00e9ficier des prestations du circuit exclusivement pour votre groupe.","og_url":"https:\/\/aurythmedesvignes.fr\/en\/product\/offrir-la-cle-des-vignes-privatisee\/","og_site_name":"Au Rythme Des Vignes","article_modified_time":"2023-07-06T16:07:37+00:00","og_image":[{"width":2560,"height":1182,"url":"https:\/\/aurythmedesvignes.fr\/wp-content\/uploads\/2021\/05\/20210522_110205-m-scaled.jpg","type":"image\/jpeg"}],"twitter_card":"summary_large_image","schema":{"@context":"https:\/\/schema.org","@graph":[{"@type":"WebPage","@id":"https:\/\/aurythmedesvignes.fr\/produit\/offrir-la-cle-des-vignes-privatisee\/","url":"https:\/\/aurythmedesvignes.fr\/produit\/offrir-la-cle-des-vignes-privatisee\/","name":"Offrir la cl\u00e9 des vignes - Privatis\u00e9e - Au Rythme Des Vignes","isPartOf":{"@id":"https:\/\/aurythmedesvignes.fr\/#website"},"primaryImageOfPage":{"@id":"https:\/\/aurythmedesvignes.fr\/produit\/offrir-la-cle-des-vignes-privatisee\/#primaryimage"},"image":{"@id":"https:\/\/aurythmedesvignes.fr\/produit\/offrir-la-cle-des-vignes-privatisee\/#primaryimage"},"thumbnailUrl":"https:\/\/aurythmedesvignes.fr\/wp-content\/uploads\/2021\/05\/20210522_110205-m-scaled.jpg","datePublished":"2021-08-10T17:25:13+00:00","dateModified":"2023-07-06T16:07:37+00:00","description":"Offrir la cl\u00e9 des vignes... En choisissant de privatiser votre Circuit Privil\u00e8ges & D\u00e9gustations, vous b\u00e9n\u00e9ficier des prestations du circuit exclusivement pour votre groupe.","breadcrumb":{"@id":"https:\/\/aurythmedesvignes.fr\/produit\/offrir-la-cle-des-vignes-privatisee\/#breadcrumb"},"inLanguage":"en-US","potentialAction":[{"@type":"ReadAction","target":["https:\/\/aurythmedesvignes.fr\/produit\/offrir-la-cle-des-vignes-privatisee\/"]}]},{"@type":"ImageObject","inLanguage":"en-US","@id":"https:\/\/aurythmedesvignes.fr\/produit\/offrir-la-cle-des-vignes-privatisee\/#primaryimage","url":"https:\/\/aurythmedesvignes.fr\/wp-content\/uploads\/2021\/05\/20210522_110205-m-scaled.jpg","contentUrl":"https:\/\/aurythmedesvignes.fr\/wp-content\/uploads\/2021\/05\/20210522_110205-m-scaled.jpg","width":2560,"height":1182,"caption":"circuit d\u00e9gustation privatis\u00e9"},{"@type":"BreadcrumbList","@id":"https:\/\/aurythmedesvignes.fr\/produit\/offrir-la-cle-des-vignes-privatisee\/#breadcrumb","itemListElement":[{"@type":"ListItem","position":1,"name":"Accueil","item":"https:\/\/aurythmedesvignes.fr\/"},{"@type":"ListItem","position":2,"name":"Produits","item":"https:\/\/aurythmedesvignes.fr\/shop\/"},{"@type":"ListItem","position":3,"name":"Offrir la cl\u00e9 des vignes &#8211; Privatis\u00e9e"}]},{"@type":"WebSite","@id":"https:\/\/aurythmedesvignes.fr\/#website","url":"https:\/\/aurythmedesvignes.fr\/","name":"Au Rythme Des Vignes","description":"Offrez-vous une \u00e9chapp\u00e9e gourmande au c\u0153ur de la Vall\u00e9e du Rh\u00f4ne","publisher":{"@id":"https:\/\/aurythmedesvignes.fr\/#organization"},"potentialAction":[{"@type":"SearchAction","target":{"@type":"EntryPoint","urlTemplate":"https:\/\/aurythmedesvignes.fr\/?s={search_term_string}"},"query-input":{"@type":"PropertyValueSpecification","valueRequired":true,"valueName":"search_term_string"}}],"inLanguage":"en-US"},{"@type":"Organization","@id":"https:\/\/aurythmedesvignes.fr\/#organization","name":"Au Rythme des Vignes","url":"https:\/\/aurythmedesvignes.fr\/","logo":{"@type":"ImageObject","inLanguage":"en-US","@id":"https:\/\/aurythmedesvignes.fr\/#\/schema\/logo\/image\/","url":"https:\/\/aurythmedesvignes.fr\/wp-content\/uploads\/2021\/02\/Logo-transparent-1.png","contentUrl":"https:\/\/aurythmedesvignes.fr\/wp-content\/uploads\/2021\/02\/Logo-transparent-1.png","width":634,"height":449,"caption":"Au Rythme des Vignes"},"image":{"@id":"https:\/\/aurythmedesvignes.fr\/#\/schema\/logo\/image\/"}}]}},"_links":{"self":[{"href":"https:\/\/aurythmedesvignes.fr\/en\/wp-json\/wp\/v2\/product\/1891"}],"collection":[{"href":"https:\/\/aurythmedesvignes.fr\/en\/wp-json\/wp\/v2\/product"}],"about":[{"href":"https:\/\/aurythmedesvignes.fr\/en\/wp-json\/wp\/v2\/types\/product"}],"version-history":[{"count":2,"href":"https:\/\/aurythmedesvignes.fr\/en\/wp-json\/wp\/v2\/product\/1891\/revisions"}],"predecessor-version":[{"id":4382,"href":"https:\/\/aurythmedesvignes.fr\/en\/wp-json\/wp\/v2\/product\/1891\/revisions\/4382"}],"wp:featuredmedia":[{"embeddable":true,"href":"https:\/\/aurythmedesvignes.fr\/en\/wp-json\/wp\/v2\/media\/1463"}],"wp:attachment":[{"href":"https:\/\/aurythmedesvignes.fr\/en\/wp-json\/wp\/v2\/media?parent=1891"}],"wp:term":[{"taxonomy":"product_cat","embeddable":true,"href":"https:\/\/aurythmedesvignes.fr\/en\/wp-json\/wp\/v2\/product_cat?post=1891"},{"taxonomy":"product_tag","embeddable":true,"href":"https:\/\/aurythmedesvignes.fr\/en\/wp-json\/wp\/v2\/product_tag?post=1891"}],"curies":[{"name":"wp","href":"https:\/\/api.w.org\/{rel}","templated":true}]}}