{"id":1872,"date":"2021-08-10T18:27:16","date_gmt":"2021-08-10T16:27:16","guid":{"rendered":"https:\/\/aurythmedesvignes.fr\/?post_type=product&#038;p=1872"},"modified":"2024-06-09T23:30:29","modified_gmt":"2024-06-09T21:30:29","slug":"la-cle-des-vignes-a-offrir","status":"publish","type":"product","link":"https:\/\/aurythmedesvignes.fr\/en\/product\/la-cle-des-vignes-a-offrir\/","title":{"rendered":"Au Rythme des Vignes - TO OFFER"},"content":{"rendered":"","protected":false},"excerpt":{"rendered":"","protected":false},"featured_media":1463,"template":"","meta":[],"product_cat":[133,117],"product_tag":[188],"acf":[],"yoast_head":"<!-- This site is optimized with the Yoast SEO plugin v23.5 - https:\/\/yoast.com\/wordpress\/plugins\/seo\/ -->\n<title>La Cl\u00e9 des Vignes - \u00c0 offrir - Au Rythme Des Vignes<\/title>\n<meta name=\"robots\" content=\"index, follow, max-snippet:-1, max-image-preview:large, max-video-preview:-1\" \/>\n<link rel=\"canonical\" href=\"https:\/\/aurythmedesvignes.fr\/en\/product\/la-cle-des-vignes-a-offrir\/\" \/>\n<meta property=\"og:locale\" content=\"en_US\" \/>\n<meta property=\"og:type\" content=\"article\" \/>\n<meta property=\"og:title\" content=\"La Cl\u00e9 des Vignes - \u00c0 offrir - Au Rythme Des Vignes\" \/>\n<meta property=\"og:url\" content=\"https:\/\/aurythmedesvignes.fr\/en\/product\/la-cle-des-vignes-a-offrir\/\" \/>\n<meta property=\"og:site_name\" content=\"Au Rythme Des Vignes\" \/>\n<meta property=\"article:modified_time\" content=\"2024-06-09T21:30:29+00:00\" \/>\n<meta property=\"og:image\" content=\"https:\/\/aurythmedesvignes.fr\/wp-content\/uploads\/2021\/05\/20210522_110205-m-scaled.jpg\" \/>\n\t<meta property=\"og:image:width\" content=\"2560\" \/>\n\t<meta property=\"og:image:height\" content=\"1182\" \/>\n\t<meta property=\"og:image:type\" content=\"image\/jpeg\" \/>\n<meta name=\"twitter:card\" content=\"summary_large_image\" \/>\n<script type=\"application\/ld+json\" class=\"yoast-schema-graph\">{\"@context\":\"https:\/\/schema.org\",\"@graph\":[{\"@type\":\"WebPage\",\"@id\":\"https:\/\/aurythmedesvignes.fr\/produit\/la-cle-des-vignes-a-offrir\/\",\"url\":\"https:\/\/aurythmedesvignes.fr\/produit\/la-cle-des-vignes-a-offrir\/\",\"name\":\"La Cl\u00e9 des Vignes - \u00c0 offrir - Au Rythme Des Vignes\",\"isPartOf\":{\"@id\":\"https:\/\/aurythmedesvignes.fr\/#website\"},\"primaryImageOfPage\":{\"@id\":\"https:\/\/aurythmedesvignes.fr\/produit\/la-cle-des-vignes-a-offrir\/#primaryimage\"},\"image\":{\"@id\":\"https:\/\/aurythmedesvignes.fr\/produit\/la-cle-des-vignes-a-offrir\/#primaryimage\"},\"thumbnailUrl\":\"https:\/\/aurythmedesvignes.fr\/wp-content\/uploads\/2021\/05\/20210522_110205-m-scaled.jpg\",\"datePublished\":\"2021-08-10T16:27:16+00:00\",\"dateModified\":\"2024-06-09T21:30:29+00:00\",\"breadcrumb\":{\"@id\":\"https:\/\/aurythmedesvignes.fr\/produit\/la-cle-des-vignes-a-offrir\/#breadcrumb\"},\"inLanguage\":\"en-US\",\"potentialAction\":[{\"@type\":\"ReadAction\",\"target\":[\"https:\/\/aurythmedesvignes.fr\/produit\/la-cle-des-vignes-a-offrir\/\"]}]},{\"@type\":\"ImageObject\",\"inLanguage\":\"en-US\",\"@id\":\"https:\/\/aurythmedesvignes.fr\/produit\/la-cle-des-vignes-a-offrir\/#primaryimage\",\"url\":\"https:\/\/aurythmedesvignes.fr\/wp-content\/uploads\/2021\/05\/20210522_110205-m-scaled.jpg\",\"contentUrl\":\"https:\/\/aurythmedesvignes.fr\/wp-content\/uploads\/2021\/05\/20210522_110205-m-scaled.jpg\",\"width\":2560,\"height\":1182,\"caption\":\"circuit d\u00e9gustation privatis\u00e9\"},{\"@type\":\"BreadcrumbList\",\"@id\":\"https:\/\/aurythmedesvignes.fr\/produit\/la-cle-des-vignes-a-offrir\/#breadcrumb\",\"itemListElement\":[{\"@type\":\"ListItem\",\"position\":1,\"name\":\"Accueil\",\"item\":\"https:\/\/aurythmedesvignes.fr\/\"},{\"@type\":\"ListItem\",\"position\":2,\"name\":\"Produits\",\"item\":\"https:\/\/aurythmedesvignes.fr\/shop\/\"},{\"@type\":\"ListItem\",\"position\":3,\"name\":\"La Cl\u00e9 des Vignes &#8211; \u00c0 offrir\"}]},{\"@type\":\"WebSite\",\"@id\":\"https:\/\/aurythmedesvignes.fr\/#website\",\"url\":\"https:\/\/aurythmedesvignes.fr\/\",\"name\":\"Au Rythme Des Vignes\",\"description\":\"Offrez-vous une \u00e9chapp\u00e9e gourmande au c\u0153ur de la Vall\u00e9e du Rh\u00f4ne\",\"publisher\":{\"@id\":\"https:\/\/aurythmedesvignes.fr\/#organization\"},\"potentialAction\":[{\"@type\":\"SearchAction\",\"target\":{\"@type\":\"EntryPoint\",\"urlTemplate\":\"https:\/\/aurythmedesvignes.fr\/?s={search_term_string}\"},\"query-input\":{\"@type\":\"PropertyValueSpecification\",\"valueRequired\":true,\"valueName\":\"search_term_string\"}}],\"inLanguage\":\"en-US\"},{\"@type\":\"Organization\",\"@id\":\"https:\/\/aurythmedesvignes.fr\/#organization\",\"name\":\"Au Rythme des Vignes\",\"url\":\"https:\/\/aurythmedesvignes.fr\/\",\"logo\":{\"@type\":\"ImageObject\",\"inLanguage\":\"en-US\",\"@id\":\"https:\/\/aurythmedesvignes.fr\/#\/schema\/logo\/image\/\",\"url\":\"https:\/\/aurythmedesvignes.fr\/wp-content\/uploads\/2021\/02\/Logo-transparent-1.png\",\"contentUrl\":\"https:\/\/aurythmedesvignes.fr\/wp-content\/uploads\/2021\/02\/Logo-transparent-1.png\",\"width\":634,\"height\":449,\"caption\":\"Au Rythme des Vignes\"},\"image\":{\"@id\":\"https:\/\/aurythmedesvignes.fr\/#\/schema\/logo\/image\/\"}}]}<\/script>\n<!-- \/ Yoast SEO plugin. -->","yoast_head_json":{"title":"La Cl\u00e9 des Vignes - \u00c0 offrir - Au Rythme Des Vignes","robots":{"index":"index","follow":"follow","max-snippet":"max-snippet:-1","max-image-preview":"max-image-preview:large","max-video-preview":"max-video-preview:-1"},"canonical":"https:\/\/aurythmedesvignes.fr\/en\/product\/la-cle-des-vignes-a-offrir\/","og_locale":"en_US","og_type":"article","og_title":"La Cl\u00e9 des Vignes - \u00c0 offrir - Au Rythme Des Vignes","og_url":"https:\/\/aurythmedesvignes.fr\/en\/product\/la-cle-des-vignes-a-offrir\/","og_site_name":"Au Rythme Des Vignes","article_modified_time":"2024-06-09T21:30:29+00:00","og_image":[{"width":2560,"height":1182,"url":"https:\/\/aurythmedesvignes.fr\/wp-content\/uploads\/2021\/05\/20210522_110205-m-scaled.jpg","type":"image\/jpeg"}],"twitter_card":"summary_large_image","schema":{"@context":"https:\/\/schema.org","@graph":[{"@type":"WebPage","@id":"https:\/\/aurythmedesvignes.fr\/produit\/la-cle-des-vignes-a-offrir\/","url":"https:\/\/aurythmedesvignes.fr\/produit\/la-cle-des-vignes-a-offrir\/","name":"La Cl\u00e9 des Vignes - \u00c0 offrir - Au Rythme Des Vignes","isPartOf":{"@id":"https:\/\/aurythmedesvignes.fr\/#website"},"primaryImageOfPage":{"@id":"https:\/\/aurythmedesvignes.fr\/produit\/la-cle-des-vignes-a-offrir\/#primaryimage"},"image":{"@id":"https:\/\/aurythmedesvignes.fr\/produit\/la-cle-des-vignes-a-offrir\/#primaryimage"},"thumbnailUrl":"https:\/\/aurythmedesvignes.fr\/wp-content\/uploads\/2021\/05\/20210522_110205-m-scaled.jpg","datePublished":"2021-08-10T16:27:16+00:00","dateModified":"2024-06-09T21:30:29+00:00","breadcrumb":{"@id":"https:\/\/aurythmedesvignes.fr\/produit\/la-cle-des-vignes-a-offrir\/#breadcrumb"},"inLanguage":"en-US","potentialAction":[{"@type":"ReadAction","target":["https:\/\/aurythmedesvignes.fr\/produit\/la-cle-des-vignes-a-offrir\/"]}]},{"@type":"ImageObject","inLanguage":"en-US","@id":"https:\/\/aurythmedesvignes.fr\/produit\/la-cle-des-vignes-a-offrir\/#primaryimage","url":"https:\/\/aurythmedesvignes.fr\/wp-content\/uploads\/2021\/05\/20210522_110205-m-scaled.jpg","contentUrl":"https:\/\/aurythmedesvignes.fr\/wp-content\/uploads\/2021\/05\/20210522_110205-m-scaled.jpg","width":2560,"height":1182,"caption":"circuit d\u00e9gustation privatis\u00e9"},{"@type":"BreadcrumbList","@id":"https:\/\/aurythmedesvignes.fr\/produit\/la-cle-des-vignes-a-offrir\/#breadcrumb","itemListElement":[{"@type":"ListItem","position":1,"name":"Accueil","item":"https:\/\/aurythmedesvignes.fr\/"},{"@type":"ListItem","position":2,"name":"Produits","item":"https:\/\/aurythmedesvignes.fr\/shop\/"},{"@type":"ListItem","position":3,"name":"La Cl\u00e9 des Vignes &#8211; \u00c0 offrir"}]},{"@type":"WebSite","@id":"https:\/\/aurythmedesvignes.fr\/#website","url":"https:\/\/aurythmedesvignes.fr\/","name":"Au Rythme Des Vignes","description":"Offrez-vous une \u00e9chapp\u00e9e gourmande au c\u0153ur de la Vall\u00e9e du Rh\u00f4ne","publisher":{"@id":"https:\/\/aurythmedesvignes.fr\/#organization"},"potentialAction":[{"@type":"SearchAction","target":{"@type":"EntryPoint","urlTemplate":"https:\/\/aurythmedesvignes.fr\/?s={search_term_string}"},"query-input":{"@type":"PropertyValueSpecification","valueRequired":true,"valueName":"search_term_string"}}],"inLanguage":"en-US"},{"@type":"Organization","@id":"https:\/\/aurythmedesvignes.fr\/#organization","name":"Au Rythme des Vignes","url":"https:\/\/aurythmedesvignes.fr\/","logo":{"@type":"ImageObject","inLanguage":"en-US","@id":"https:\/\/aurythmedesvignes.fr\/#\/schema\/logo\/image\/","url":"https:\/\/aurythmedesvignes.fr\/wp-content\/uploads\/2021\/02\/Logo-transparent-1.png","contentUrl":"https:\/\/aurythmedesvignes.fr\/wp-content\/uploads\/2021\/02\/Logo-transparent-1.png","width":634,"height":449,"caption":"Au Rythme des Vignes"},"image":{"@id":"https:\/\/aurythmedesvignes.fr\/#\/schema\/logo\/image\/"}}]}},"_links":{"self":[{"href":"https:\/\/aurythmedesvignes.fr\/en\/wp-json\/wp\/v2\/product\/1872"}],"collection":[{"href":"https:\/\/aurythmedesvignes.fr\/en\/wp-json\/wp\/v2\/product"}],"about":[{"href":"https:\/\/aurythmedesvignes.fr\/en\/wp-json\/wp\/v2\/types\/product"}],"version-history":[{"count":1,"href":"https:\/\/aurythmedesvignes.fr\/en\/wp-json\/wp\/v2\/product\/1872\/revisions"}],"predecessor-version":[{"id":4374,"href":"https:\/\/aurythmedesvignes.fr\/en\/wp-json\/wp\/v2\/product\/1872\/revisions\/4374"}],"wp:featuredmedia":[{"embeddable":true,"href":"https:\/\/aurythmedesvignes.fr\/en\/wp-json\/wp\/v2\/media\/1463"}],"wp:attachment":[{"href":"https:\/\/aurythmedesvignes.fr\/en\/wp-json\/wp\/v2\/media?parent=1872"}],"wp:term":[{"taxonomy":"product_cat","embeddable":true,"href":"https:\/\/aurythmedesvignes.fr\/en\/wp-json\/wp\/v2\/product_cat?post=1872"},{"taxonomy":"product_tag","embeddable":true,"href":"https:\/\/aurythmedesvignes.fr\/en\/wp-json\/wp\/v2\/product_tag?post=1872"}],"curies":[{"name":"wp","href":"https:\/\/api.w.org\/{rel}","templated":true}]}}