{"id":1488,"date":"2021-07-09T19:58:46","date_gmt":"2021-07-09T17:58:46","guid":{"rendered":"https:\/\/aurythmedesvignes.fr\/?post_type=product&#038;p=1488"},"modified":"2022-09-08T10:35:29","modified_gmt":"2022-09-08T08:35:29","slug":"assurance-assistance-rapatriement-assurinco","status":"publish","type":"product","link":"https:\/\/aurythmedesvignes.fr\/en\/product\/assurance-assistance-rapatriement-assurinco\/","title":{"rendered":"ASSURINCO repatriation assistance insurance (with epidemic extension)"},"content":{"rendered":"","protected":false},"excerpt":{"rendered":"","protected":false},"featured_media":0,"template":"","meta":[],"product_cat":[103],"product_tag":[],"acf":[],"yoast_head":"<!-- This site is optimized with the Yoast SEO plugin v23.5 - https:\/\/yoast.com\/wordpress\/plugins\/seo\/ -->\n<title>Assurance assistance rapatriement ASSURINCO (avec extension \u00e9pid\u00e9mie) - Au Rythme Des Vignes<\/title>\n<meta name=\"robots\" content=\"noindex, nofollow\" \/>\n<meta property=\"og:locale\" content=\"en_US\" \/>\n<meta property=\"og:type\" content=\"article\" \/>\n<meta property=\"og:title\" content=\"Assurance assistance rapatriement ASSURINCO (avec extension \u00e9pid\u00e9mie) - Au Rythme Des Vignes\" \/>\n<meta property=\"og:url\" content=\"https:\/\/aurythmedesvignes.fr\/en\/product\/assurance-assistance-rapatriement-assurinco\/\" \/>\n<meta property=\"og:site_name\" content=\"Au Rythme Des Vignes\" \/>\n<meta property=\"article:modified_time\" content=\"2022-09-08T08:35:29+00:00\" \/>\n<meta name=\"twitter:card\" content=\"summary_large_image\" \/>\n<script type=\"application\/ld+json\" class=\"yoast-schema-graph\">{\"@context\":\"https:\/\/schema.org\",\"@graph\":[{\"@type\":\"WebPage\",\"@id\":\"https:\/\/aurythmedesvignes.fr\/produit\/assurance-assistance-rapatriement-assurinco\/\",\"url\":\"https:\/\/aurythmedesvignes.fr\/produit\/assurance-assistance-rapatriement-assurinco\/\",\"name\":\"Assurance assistance rapatriement ASSURINCO (avec extension \u00e9pid\u00e9mie) - Au Rythme Des Vignes\",\"isPartOf\":{\"@id\":\"https:\/\/aurythmedesvignes.fr\/#website\"},\"datePublished\":\"2021-07-09T17:58:46+00:00\",\"dateModified\":\"2022-09-08T08:35:29+00:00\",\"breadcrumb\":{\"@id\":\"https:\/\/aurythmedesvignes.fr\/produit\/assurance-assistance-rapatriement-assurinco\/#breadcrumb\"},\"inLanguage\":\"en-US\",\"potentialAction\":[{\"@type\":\"ReadAction\",\"target\":[\"https:\/\/aurythmedesvignes.fr\/produit\/assurance-assistance-rapatriement-assurinco\/\"]}]},{\"@type\":\"BreadcrumbList\",\"@id\":\"https:\/\/aurythmedesvignes.fr\/produit\/assurance-assistance-rapatriement-assurinco\/#breadcrumb\",\"itemListElement\":[{\"@type\":\"ListItem\",\"position\":1,\"name\":\"Accueil\",\"item\":\"https:\/\/aurythmedesvignes.fr\/\"},{\"@type\":\"ListItem\",\"position\":2,\"name\":\"Produits\",\"item\":\"https:\/\/aurythmedesvignes.fr\/shop\/\"},{\"@type\":\"ListItem\",\"position\":3,\"name\":\"Assurance assistance rapatriement ASSURINCO (avec extension \u00e9pid\u00e9mie)\"}]},{\"@type\":\"WebSite\",\"@id\":\"https:\/\/aurythmedesvignes.fr\/#website\",\"url\":\"https:\/\/aurythmedesvignes.fr\/\",\"name\":\"Au Rythme Des Vignes\",\"description\":\"Offrez-vous une \u00e9chapp\u00e9e gourmande au c\u0153ur de la Vall\u00e9e du Rh\u00f4ne\",\"publisher\":{\"@id\":\"https:\/\/aurythmedesvignes.fr\/#organization\"},\"potentialAction\":[{\"@type\":\"SearchAction\",\"target\":{\"@type\":\"EntryPoint\",\"urlTemplate\":\"https:\/\/aurythmedesvignes.fr\/?s={search_term_string}\"},\"query-input\":{\"@type\":\"PropertyValueSpecification\",\"valueRequired\":true,\"valueName\":\"search_term_string\"}}],\"inLanguage\":\"en-US\"},{\"@type\":\"Organization\",\"@id\":\"https:\/\/aurythmedesvignes.fr\/#organization\",\"name\":\"Au Rythme des Vignes\",\"url\":\"https:\/\/aurythmedesvignes.fr\/\",\"logo\":{\"@type\":\"ImageObject\",\"inLanguage\":\"en-US\",\"@id\":\"https:\/\/aurythmedesvignes.fr\/#\/schema\/logo\/image\/\",\"url\":\"https:\/\/aurythmedesvignes.fr\/wp-content\/uploads\/2021\/02\/Logo-transparent-1.png\",\"contentUrl\":\"https:\/\/aurythmedesvignes.fr\/wp-content\/uploads\/2021\/02\/Logo-transparent-1.png\",\"width\":634,\"height\":449,\"caption\":\"Au Rythme des Vignes\"},\"image\":{\"@id\":\"https:\/\/aurythmedesvignes.fr\/#\/schema\/logo\/image\/\"}}]}<\/script>\n<!-- \/ Yoast SEO plugin. -->","yoast_head_json":{"title":"Assurance assistance rapatriement ASSURINCO (avec extension \u00e9pid\u00e9mie) - Au Rythme Des Vignes","robots":{"index":"noindex","follow":"nofollow"},"og_locale":"en_US","og_type":"article","og_title":"Assurance assistance rapatriement ASSURINCO (avec extension \u00e9pid\u00e9mie) - Au Rythme Des Vignes","og_url":"https:\/\/aurythmedesvignes.fr\/en\/product\/assurance-assistance-rapatriement-assurinco\/","og_site_name":"Au Rythme Des Vignes","article_modified_time":"2022-09-08T08:35:29+00:00","twitter_card":"summary_large_image","schema":{"@context":"https:\/\/schema.org","@graph":[{"@type":"WebPage","@id":"https:\/\/aurythmedesvignes.fr\/produit\/assurance-assistance-rapatriement-assurinco\/","url":"https:\/\/aurythmedesvignes.fr\/produit\/assurance-assistance-rapatriement-assurinco\/","name":"Assurance assistance rapatriement ASSURINCO (avec extension \u00e9pid\u00e9mie) - Au Rythme Des Vignes","isPartOf":{"@id":"https:\/\/aurythmedesvignes.fr\/#website"},"datePublished":"2021-07-09T17:58:46+00:00","dateModified":"2022-09-08T08:35:29+00:00","breadcrumb":{"@id":"https:\/\/aurythmedesvignes.fr\/produit\/assurance-assistance-rapatriement-assurinco\/#breadcrumb"},"inLanguage":"en-US","potentialAction":[{"@type":"ReadAction","target":["https:\/\/aurythmedesvignes.fr\/produit\/assurance-assistance-rapatriement-assurinco\/"]}]},{"@type":"BreadcrumbList","@id":"https:\/\/aurythmedesvignes.fr\/produit\/assurance-assistance-rapatriement-assurinco\/#breadcrumb","itemListElement":[{"@type":"ListItem","position":1,"name":"Accueil","item":"https:\/\/aurythmedesvignes.fr\/"},{"@type":"ListItem","position":2,"name":"Produits","item":"https:\/\/aurythmedesvignes.fr\/shop\/"},{"@type":"ListItem","position":3,"name":"Assurance assistance rapatriement ASSURINCO (avec extension \u00e9pid\u00e9mie)"}]},{"@type":"WebSite","@id":"https:\/\/aurythmedesvignes.fr\/#website","url":"https:\/\/aurythmedesvignes.fr\/","name":"Au Rythme Des Vignes","description":"Offrez-vous une \u00e9chapp\u00e9e gourmande au c\u0153ur de la Vall\u00e9e du Rh\u00f4ne","publisher":{"@id":"https:\/\/aurythmedesvignes.fr\/#organization"},"potentialAction":[{"@type":"SearchAction","target":{"@type":"EntryPoint","urlTemplate":"https:\/\/aurythmedesvignes.fr\/?s={search_term_string}"},"query-input":{"@type":"PropertyValueSpecification","valueRequired":true,"valueName":"search_term_string"}}],"inLanguage":"en-US"},{"@type":"Organization","@id":"https:\/\/aurythmedesvignes.fr\/#organization","name":"Au Rythme des Vignes","url":"https:\/\/aurythmedesvignes.fr\/","logo":{"@type":"ImageObject","inLanguage":"en-US","@id":"https:\/\/aurythmedesvignes.fr\/#\/schema\/logo\/image\/","url":"https:\/\/aurythmedesvignes.fr\/wp-content\/uploads\/2021\/02\/Logo-transparent-1.png","contentUrl":"https:\/\/aurythmedesvignes.fr\/wp-content\/uploads\/2021\/02\/Logo-transparent-1.png","width":634,"height":449,"caption":"Au Rythme des Vignes"},"image":{"@id":"https:\/\/aurythmedesvignes.fr\/#\/schema\/logo\/image\/"}}]}},"_links":{"self":[{"href":"https:\/\/aurythmedesvignes.fr\/en\/wp-json\/wp\/v2\/product\/1488"}],"collection":[{"href":"https:\/\/aurythmedesvignes.fr\/en\/wp-json\/wp\/v2\/product"}],"about":[{"href":"https:\/\/aurythmedesvignes.fr\/en\/wp-json\/wp\/v2\/types\/product"}],"version-history":[{"count":0,"href":"https:\/\/aurythmedesvignes.fr\/en\/wp-json\/wp\/v2\/product\/1488\/revisions"}],"wp:attachment":[{"href":"https:\/\/aurythmedesvignes.fr\/en\/wp-json\/wp\/v2\/media?parent=1488"}],"wp:term":[{"taxonomy":"product_cat","embeddable":true,"href":"https:\/\/aurythmedesvignes.fr\/en\/wp-json\/wp\/v2\/product_cat?post=1488"},{"taxonomy":"product_tag","embeddable":true,"href":"https:\/\/aurythmedesvignes.fr\/en\/wp-json\/wp\/v2\/product_tag?post=1488"}],"curies":[{"name":"wp","href":"https:\/\/api.w.org\/{rel}","templated":true}]}}