{"id":3829,"date":"2023-04-21T10:55:24","date_gmt":"2023-04-21T08:55:24","guid":{"rendered":"https:\/\/aurythmedesvignes.fr\/?page_id=3829"},"modified":"2023-07-07T17:03:15","modified_gmt":"2023-07-07T15:03:15","slug":"nos-offres","status":"publish","type":"page","link":"https:\/\/aurythmedesvignes.fr\/en\/nos-offres\/","title":{"rendered":"our offers"},"content":{"rendered":"<div data-elementor-type=\"wp-page\" data-elementor-id=\"3829\" class=\"elementor elementor-3829\" data-elementor-post-type=\"page\">\n\t\t\t\t\t\t<section class=\"elementor-section elementor-top-section elementor-element elementor-element-4678e3ee elementor-section-boxed elementor-section-height-default elementor-section-height-default\" data-id=\"4678e3ee\" data-element_type=\"section\" data-settings=\"{&quot;background_background&quot;:&quot;classic&quot;}\">\n\t\t\t\t\t\t<div class=\"elementor-container elementor-column-gap-default\">\n\t\t\t\t\t<div class=\"elementor-column elementor-col-100 elementor-top-column elementor-element elementor-element-391aa24\" data-id=\"391aa24\" data-element_type=\"column\">\n\t\t\t<div class=\"elementor-widget-wrap\">\n\t\t\t\t\t\t\t<\/div>\n\t\t<\/div>\n\t\t\t\t\t<\/div>\n\t\t<\/section>\n\t\t\t\t<section class=\"elementor-section elementor-top-section elementor-element elementor-element-6f727cb elementor-section-boxed elementor-section-height-default elementor-section-height-default\" data-id=\"6f727cb\" data-element_type=\"section\" data-settings=\"{&quot;background_background&quot;:&quot;classic&quot;}\">\n\t\t\t\t\t\t<div class=\"elementor-container elementor-column-gap-default\">\n\t\t\t\t\t<div class=\"elementor-column elementor-col-33 elementor-top-column elementor-element elementor-element-ee6dd45\" data-id=\"ee6dd45\" data-element_type=\"column\" data-settings=\"{&quot;background_background&quot;:&quot;classic&quot;}\">\n\t\t\t<div class=\"elementor-widget-wrap elementor-element-populated\">\n\t\t\t\t\t\t<section class=\"elementor-section elementor-inner-section elementor-element elementor-element-639d16a elementor-section-boxed elementor-section-height-default elementor-section-height-default\" data-id=\"639d16a\" data-element_type=\"section\">\n\t\t\t\t\t\t<div class=\"elementor-container elementor-column-gap-default\">\n\t\t\t\t\t<div class=\"elementor-column elementor-col-100 elementor-inner-column elementor-element elementor-element-c9ec589\" data-id=\"c9ec589\" data-element_type=\"column\" data-settings=\"{&quot;background_background&quot;:&quot;classic&quot;}\">\n\t\t\t<div class=\"elementor-widget-wrap elementor-element-populated\">\n\t\t\t\t\t\t<div class=\"elementor-element elementor-element-b38daff e-transform e-transform elementor-widget elementor-widget-image\" data-id=\"b38daff\" data-element_type=\"widget\" data-settings=\"{&quot;_transform_scale_effect&quot;:{&quot;unit&quot;:&quot;px&quot;,&quot;size&quot;:1.1,&quot;sizes&quot;:[]},&quot;_transform_translateY_effect&quot;:{&quot;unit&quot;:&quot;px&quot;,&quot;size&quot;:-16,&quot;sizes&quot;:[]},&quot;_transform_translateX_effect&quot;:{&quot;unit&quot;:&quot;px&quot;,&quot;size&quot;:&quot;&quot;,&quot;sizes&quot;:[]},&quot;_transform_translateX_effect_tablet&quot;:{&quot;unit&quot;:&quot;px&quot;,&quot;size&quot;:&quot;&quot;,&quot;sizes&quot;:[]},&quot;_transform_translateX_effect_mobile&quot;:{&quot;unit&quot;:&quot;px&quot;,&quot;size&quot;:&quot;&quot;,&quot;sizes&quot;:[]},&quot;_transform_translateY_effect_tablet&quot;:{&quot;unit&quot;:&quot;px&quot;,&quot;size&quot;:&quot;&quot;,&quot;sizes&quot;:[]},&quot;_transform_translateY_effect_mobile&quot;:{&quot;unit&quot;:&quot;px&quot;,&quot;size&quot;:&quot;&quot;,&quot;sizes&quot;:[]},&quot;_transform_scale_effect_tablet&quot;:{&quot;unit&quot;:&quot;px&quot;,&quot;size&quot;:&quot;&quot;,&quot;sizes&quot;:[]},&quot;_transform_scale_effect_mobile&quot;:{&quot;unit&quot;:&quot;px&quot;,&quot;size&quot;:&quot;&quot;,&quot;sizes&quot;:[]}}\" data-widget_type=\"image.default\">\n\t\t\t\t<div class=\"elementor-widget-container\">\n\t\t\t\t\t\t\t\t\t\t\t\t\t\t\t<img fetchpriority=\"high\" decoding=\"async\" width=\"800\" height=\"600\" src=\"https:\/\/aurythmedesvignes.fr\/wp-content\/uploads\/2023\/06\/Au-Rythme-des-Vignes-Balade-en-Hermitage-1-1-1-1024x768.jpg\" class=\"elementor-animation-bob attachment-large size-large wp-image-4290\" alt=\"\" srcset=\"https:\/\/aurythmedesvignes.fr\/wp-content\/uploads\/2023\/06\/Au-Rythme-des-Vignes-Balade-en-Hermitage-1-1-1-1024x768.jpg 1024w, https:\/\/aurythmedesvignes.fr\/wp-content\/uploads\/2023\/06\/Au-Rythme-des-Vignes-Balade-en-Hermitage-1-1-1-300x225.jpg 300w, https:\/\/aurythmedesvignes.fr\/wp-content\/uploads\/2023\/06\/Au-Rythme-des-Vignes-Balade-en-Hermitage-1-1-1-768x576.jpg 768w, https:\/\/aurythmedesvignes.fr\/wp-content\/uploads\/2023\/06\/Au-Rythme-des-Vignes-Balade-en-Hermitage-1-1-1-1536x1152.jpg 1536w, https:\/\/aurythmedesvignes.fr\/wp-content\/uploads\/2023\/06\/Au-Rythme-des-Vignes-Balade-en-Hermitage-1-1-1-2048x1536.jpg 2048w, https:\/\/aurythmedesvignes.fr\/wp-content\/uploads\/2023\/06\/Au-Rythme-des-Vignes-Balade-en-Hermitage-1-1-1-16x12.jpg 16w, https:\/\/aurythmedesvignes.fr\/wp-content\/uploads\/2023\/06\/Au-Rythme-des-Vignes-Balade-en-Hermitage-1-1-1-600x450.jpg 600w\" sizes=\"(max-width: 800px) 100vw, 800px\" \/>\t\t\t\t\t\t\t\t\t\t\t\t\t\t\t<\/div>\n\t\t\t\t<\/div>\n\t\t\t\t<div class=\"elementor-element elementor-element-20e9fcf elementor-widget elementor-widget-text-editor\" data-id=\"20e9fcf\" data-element_type=\"widget\" data-widget_type=\"text-editor.default\">\n\t\t\t\t<div class=\"elementor-widget-container\">\n\t\t\t\t\t\t\t\t\t<h3 class=\"elementor-icon-box-title\">Circuit privileges and tastings<\/h3>\t\t\t\t\t\t\t\t<\/div>\n\t\t\t\t<\/div>\n\t\t\t\t<div class=\"elementor-element elementor-element-d8e7eaa elementor-align-justify elementor-mobile-align-justify elementor-widget elementor-widget-button\" data-id=\"d8e7eaa\" data-element_type=\"widget\" data-widget_type=\"button.default\">\n\t\t\t\t<div class=\"elementor-widget-container\">\n\t\t\t\t\t\t\t\t\t<div class=\"elementor-button-wrapper\">\n\t\t\t\t\t<a class=\"elementor-button elementor-button-link elementor-size-sm\" href=\"https:\/\/aurythmedesvignes.fr\/en\/circuit-privilege-et-degustation\/\">\n\t\t\t\t\t\t<span class=\"elementor-button-content-wrapper\">\n\t\t\t\t\t\t<span class=\"elementor-button-icon\">\n\t\t\t\t<i aria-hidden=\"true\" class=\"fas fa-ticket-alt\"><\/i>\t\t\t<\/span>\n\t\t\t\t\t\t\t\t\t<span class=\"elementor-button-text\">Discover our tours<\/span>\n\t\t\t\t\t<\/span>\n\t\t\t\t\t<\/a>\n\t\t\t\t<\/div>\n\t\t\t\t\t\t\t\t<\/div>\n\t\t\t\t<\/div>\n\t\t\t\t\t<\/div>\n\t\t<\/div>\n\t\t\t\t\t<\/div>\n\t\t<\/section>\n\t\t\t\t\t<\/div>\n\t\t<\/div>\n\t\t\t\t<div class=\"elementor-column elementor-col-33 elementor-top-column elementor-element elementor-element-710f781\" data-id=\"710f781\" data-element_type=\"column\" data-settings=\"{&quot;background_background&quot;:&quot;classic&quot;}\">\n\t\t\t<div class=\"elementor-widget-wrap elementor-element-populated\">\n\t\t\t\t\t\t<section class=\"elementor-section elementor-inner-section elementor-element elementor-element-5a9b8da elementor-section-boxed elementor-section-height-default elementor-section-height-default\" data-id=\"5a9b8da\" data-element_type=\"section\">\n\t\t\t\t\t\t<div class=\"elementor-container elementor-column-gap-default\">\n\t\t\t\t\t<div class=\"elementor-column elementor-col-100 elementor-inner-column elementor-element elementor-element-b370893\" data-id=\"b370893\" data-element_type=\"column\" data-settings=\"{&quot;background_background&quot;:&quot;classic&quot;}\">\n\t\t\t<div class=\"elementor-widget-wrap elementor-element-populated\">\n\t\t\t\t\t\t<div class=\"elementor-element elementor-element-3ef7e46 e-transform e-transform elementor-widget elementor-widget-image\" data-id=\"3ef7e46\" data-element_type=\"widget\" data-settings=\"{&quot;_transform_scale_effect&quot;:{&quot;unit&quot;:&quot;px&quot;,&quot;size&quot;:1.1,&quot;sizes&quot;:[]},&quot;_transform_translateY_effect&quot;:{&quot;unit&quot;:&quot;px&quot;,&quot;size&quot;:-16,&quot;sizes&quot;:[]},&quot;_transform_translateX_effect&quot;:{&quot;unit&quot;:&quot;px&quot;,&quot;size&quot;:&quot;&quot;,&quot;sizes&quot;:[]},&quot;_transform_translateX_effect_tablet&quot;:{&quot;unit&quot;:&quot;px&quot;,&quot;size&quot;:&quot;&quot;,&quot;sizes&quot;:[]},&quot;_transform_translateX_effect_mobile&quot;:{&quot;unit&quot;:&quot;px&quot;,&quot;size&quot;:&quot;&quot;,&quot;sizes&quot;:[]},&quot;_transform_translateY_effect_tablet&quot;:{&quot;unit&quot;:&quot;px&quot;,&quot;size&quot;:&quot;&quot;,&quot;sizes&quot;:[]},&quot;_transform_translateY_effect_mobile&quot;:{&quot;unit&quot;:&quot;px&quot;,&quot;size&quot;:&quot;&quot;,&quot;sizes&quot;:[]},&quot;_transform_scale_effect_tablet&quot;:{&quot;unit&quot;:&quot;px&quot;,&quot;size&quot;:&quot;&quot;,&quot;sizes&quot;:[]},&quot;_transform_scale_effect_mobile&quot;:{&quot;unit&quot;:&quot;px&quot;,&quot;size&quot;:&quot;&quot;,&quot;sizes&quot;:[]}}\" data-widget_type=\"image.default\">\n\t\t\t\t<div class=\"elementor-widget-container\">\n\t\t\t\t\t\t\t\t\t\t\t\t\t\t\t<img decoding=\"async\" width=\"800\" height=\"630\" data-src=\"https:\/\/aurythmedesvignes.fr\/wp-content\/uploads\/2021\/05\/IMG-20220424-WA0010-1024x806.jpg\" class=\"elementor-animation-bob attachment-large size-large wp-image-3213 lazyload\" alt=\"\" data-srcset=\"https:\/\/aurythmedesvignes.fr\/wp-content\/uploads\/2021\/05\/IMG-20220424-WA0010-1024x806.jpg 1024w, https:\/\/aurythmedesvignes.fr\/wp-content\/uploads\/2021\/05\/IMG-20220424-WA0010-300x236.jpg 300w, https:\/\/aurythmedesvignes.fr\/wp-content\/uploads\/2021\/05\/IMG-20220424-WA0010-768x604.jpg 768w, https:\/\/aurythmedesvignes.fr\/wp-content\/uploads\/2021\/05\/IMG-20220424-WA0010-1536x1209.jpg 1536w, https:\/\/aurythmedesvignes.fr\/wp-content\/uploads\/2021\/05\/IMG-20220424-WA0010-15x12.jpg 15w, https:\/\/aurythmedesvignes.fr\/wp-content\/uploads\/2021\/05\/IMG-20220424-WA0010-600x472.jpg 600w, https:\/\/aurythmedesvignes.fr\/wp-content\/uploads\/2021\/05\/IMG-20220424-WA0010.jpg 1921w\" data-sizes=\"(max-width: 800px) 100vw, 800px\" src=\"data:image\/svg+xml;base64,PHN2ZyB3aWR0aD0iMSIgaGVpZ2h0PSIxIiB4bWxucz0iaHR0cDovL3d3dy53My5vcmcvMjAwMC9zdmciPjwvc3ZnPg==\" style=\"--smush-placeholder-width: 800px; --smush-placeholder-aspect-ratio: 800\/630;\" \/>\t\t\t\t\t\t\t\t\t\t\t\t\t\t\t<\/div>\n\t\t\t\t<\/div>\n\t\t\t\t<div class=\"elementor-element elementor-element-9a648b6 elementor-widget elementor-widget-text-editor\" data-id=\"9a648b6\" data-element_type=\"widget\" data-widget_type=\"text-editor.default\">\n\t\t\t\t<div class=\"elementor-widget-container\">\n\t\t\t\t\t\t\t\t\t<h3 class=\"elementor-icon-box-title\">Tasting conference<\/h3>\t\t\t\t\t\t\t\t<\/div>\n\t\t\t\t<\/div>\n\t\t\t\t<div class=\"elementor-element elementor-element-6d15c8d elementor-align-justify elementor-mobile-align-justify elementor-widget elementor-widget-button\" data-id=\"6d15c8d\" data-element_type=\"widget\" data-widget_type=\"button.default\">\n\t\t\t\t<div class=\"elementor-widget-container\">\n\t\t\t\t\t\t\t\t\t<div class=\"elementor-button-wrapper\">\n\t\t\t\t\t<a class=\"elementor-button elementor-button-link elementor-size-sm\" href=\"https:\/\/aurythmedesvignes.fr\/en\/product\/conference-degustations\/\">\n\t\t\t\t\t\t<span class=\"elementor-button-content-wrapper\">\n\t\t\t\t\t\t<span class=\"elementor-button-icon\">\n\t\t\t\t<i aria-hidden=\"true\" class=\"fas fa-ticket-alt\"><\/i>\t\t\t<\/span>\n\t\t\t\t\t\t\t\t\t<span class=\"elementor-button-text\">Discover our tasting conference<\/span>\n\t\t\t\t\t<\/span>\n\t\t\t\t\t<\/a>\n\t\t\t\t<\/div>\n\t\t\t\t\t\t\t\t<\/div>\n\t\t\t\t<\/div>\n\t\t\t\t\t<\/div>\n\t\t<\/div>\n\t\t\t\t\t<\/div>\n\t\t<\/section>\n\t\t\t\t\t<\/div>\n\t\t<\/div>\n\t\t\t\t<div class=\"elementor-column elementor-col-33 elementor-top-column elementor-element elementor-element-2ca5378\" data-id=\"2ca5378\" data-element_type=\"column\" data-settings=\"{&quot;background_background&quot;:&quot;classic&quot;}\">\n\t\t\t<div class=\"elementor-widget-wrap elementor-element-populated\">\n\t\t\t\t\t\t<section class=\"elementor-section elementor-inner-section elementor-element elementor-element-970a358 elementor-section-boxed elementor-section-height-default elementor-section-height-default\" data-id=\"970a358\" data-element_type=\"section\">\n\t\t\t\t\t\t<div class=\"elementor-container elementor-column-gap-default\">\n\t\t\t\t\t<div class=\"elementor-column elementor-col-100 elementor-inner-column elementor-element elementor-element-620da5b\" data-id=\"620da5b\" data-element_type=\"column\" data-settings=\"{&quot;background_background&quot;:&quot;classic&quot;}\">\n\t\t\t<div class=\"elementor-widget-wrap elementor-element-populated\">\n\t\t\t\t\t\t<div class=\"elementor-element elementor-element-92559cc e-transform e-transform elementor-widget elementor-widget-image\" data-id=\"92559cc\" data-element_type=\"widget\" data-settings=\"{&quot;_transform_scale_effect&quot;:{&quot;unit&quot;:&quot;px&quot;,&quot;size&quot;:1.1,&quot;sizes&quot;:[]},&quot;_transform_translateY_effect&quot;:{&quot;unit&quot;:&quot;px&quot;,&quot;size&quot;:-16,&quot;sizes&quot;:[]},&quot;_transform_translateX_effect&quot;:{&quot;unit&quot;:&quot;px&quot;,&quot;size&quot;:&quot;&quot;,&quot;sizes&quot;:[]},&quot;_transform_translateX_effect_tablet&quot;:{&quot;unit&quot;:&quot;px&quot;,&quot;size&quot;:&quot;&quot;,&quot;sizes&quot;:[]},&quot;_transform_translateX_effect_mobile&quot;:{&quot;unit&quot;:&quot;px&quot;,&quot;size&quot;:&quot;&quot;,&quot;sizes&quot;:[]},&quot;_transform_translateY_effect_tablet&quot;:{&quot;unit&quot;:&quot;px&quot;,&quot;size&quot;:&quot;&quot;,&quot;sizes&quot;:[]},&quot;_transform_translateY_effect_mobile&quot;:{&quot;unit&quot;:&quot;px&quot;,&quot;size&quot;:&quot;&quot;,&quot;sizes&quot;:[]},&quot;_transform_scale_effect_tablet&quot;:{&quot;unit&quot;:&quot;px&quot;,&quot;size&quot;:&quot;&quot;,&quot;sizes&quot;:[]},&quot;_transform_scale_effect_mobile&quot;:{&quot;unit&quot;:&quot;px&quot;,&quot;size&quot;:&quot;&quot;,&quot;sizes&quot;:[]}}\" data-widget_type=\"image.default\">\n\t\t\t\t<div class=\"elementor-widget-container\">\n\t\t\t\t\t\t\t\t\t\t\t\t\t\t\t<img decoding=\"async\" width=\"800\" height=\"534\" data-src=\"https:\/\/aurythmedesvignes.fr\/wp-content\/uploads\/2022\/09\/Copie-de-IMG_0890-1024x683.jpg\" class=\"elementor-animation-bob attachment-large size-large wp-image-3096 lazyload\" alt=\"\" data-srcset=\"https:\/\/aurythmedesvignes.fr\/wp-content\/uploads\/2022\/09\/Copie-de-IMG_0890-1024x683.jpg 1024w, https:\/\/aurythmedesvignes.fr\/wp-content\/uploads\/2022\/09\/Copie-de-IMG_0890-300x200.jpg 300w, https:\/\/aurythmedesvignes.fr\/wp-content\/uploads\/2022\/09\/Copie-de-IMG_0890-768x512.jpg 768w, https:\/\/aurythmedesvignes.fr\/wp-content\/uploads\/2022\/09\/Copie-de-IMG_0890-1536x1024.jpg 1536w, https:\/\/aurythmedesvignes.fr\/wp-content\/uploads\/2022\/09\/Copie-de-IMG_0890-2048x1365.jpg 2048w, https:\/\/aurythmedesvignes.fr\/wp-content\/uploads\/2022\/09\/Copie-de-IMG_0890-18x12.jpg 18w, https:\/\/aurythmedesvignes.fr\/wp-content\/uploads\/2022\/09\/Copie-de-IMG_0890-600x400.jpg 600w\" data-sizes=\"(max-width: 800px) 100vw, 800px\" src=\"data:image\/svg+xml;base64,PHN2ZyB3aWR0aD0iMSIgaGVpZ2h0PSIxIiB4bWxucz0iaHR0cDovL3d3dy53My5vcmcvMjAwMC9zdmciPjwvc3ZnPg==\" style=\"--smush-placeholder-width: 800px; --smush-placeholder-aspect-ratio: 800\/534;\" \/>\t\t\t\t\t\t\t\t\t\t\t\t\t\t\t<\/div>\n\t\t\t\t<\/div>\n\t\t\t\t<div class=\"elementor-element elementor-element-3e8f639 elementor-widget elementor-widget-text-editor\" data-id=\"3e8f639\" data-element_type=\"widget\" data-widget_type=\"text-editor.default\">\n\t\t\t\t<div class=\"elementor-widget-container\">\n\t\t\t\t\t\t\t\t\t<h3 class=\"elementor-icon-box-title\">Offer for professionals<\/h3>\t\t\t\t\t\t\t\t<\/div>\n\t\t\t\t<\/div>\n\t\t\t\t<div class=\"elementor-element elementor-element-75241db elementor-align-justify elementor-mobile-align-justify elementor-widget elementor-widget-button\" data-id=\"75241db\" data-element_type=\"widget\" data-widget_type=\"button.default\">\n\t\t\t\t<div class=\"elementor-widget-container\">\n\t\t\t\t\t\t\t\t\t<div class=\"elementor-button-wrapper\">\n\t\t\t\t\t<a class=\"elementor-button elementor-button-link elementor-size-sm\" href=\"https:\/\/aurythmedesvignes.fr\/en\/nos-offres-pour-les-pro\/\">\n\t\t\t\t\t\t<span class=\"elementor-button-content-wrapper\">\n\t\t\t\t\t\t<span class=\"elementor-button-icon\">\n\t\t\t\t<i aria-hidden=\"true\" class=\"fas fa-ticket-alt\"><\/i>\t\t\t<\/span>\n\t\t\t\t\t\t\t\t\t<span class=\"elementor-button-text\">Discover our offers for professionals<\/span>\n\t\t\t\t\t<\/span>\n\t\t\t\t\t<\/a>\n\t\t\t\t<\/div>\n\t\t\t\t\t\t\t\t<\/div>\n\t\t\t\t<\/div>\n\t\t\t\t\t<\/div>\n\t\t<\/div>\n\t\t\t\t\t<\/div>\n\t\t<\/section>\n\t\t\t\t\t<\/div>\n\t\t<\/div>\n\t\t\t\t\t<\/div>\n\t\t<\/section>\n\t\t\t\t<\/div>","protected":false},"excerpt":{"rendered":"<p>Circuit privil\u00e8ges et d\u00e9gustations D\u00e9couvrir nos circuits Conf\u00e9rence d\u00e9gustation D\u00e9couvrir notre conf\u00e9rence d\u00e9gustation Offre pour professionnels D\u00e9couvrir nos offres pour les professionnels<\/p>","protected":false},"author":7,"featured_media":0,"parent":0,"menu_order":0,"comment_status":"closed","ping_status":"closed","template":"","meta":{"footnotes":""},"acf":[],"yoast_head":"<!-- This site is optimized with the Yoast SEO plugin v23.5 - https:\/\/yoast.com\/wordpress\/plugins\/seo\/ -->\n<title>Nos offres - Au Rythme Des Vignes<\/title>\n<meta name=\"robots\" content=\"index, follow, max-snippet:-1, max-image-preview:large, max-video-preview:-1\" \/>\n<link rel=\"canonical\" href=\"https:\/\/aurythmedesvignes.fr\/en\/nos-offres\/\" \/>\n<meta property=\"og:locale\" content=\"en_US\" \/>\n<meta property=\"og:type\" content=\"article\" \/>\n<meta property=\"og:title\" content=\"Nos offres - Au Rythme Des Vignes\" \/>\n<meta property=\"og:description\" content=\"Circuit privil\u00e8ges et d\u00e9gustations D\u00e9couvrir nos circuits Conf\u00e9rence d\u00e9gustation D\u00e9couvrir notre conf\u00e9rence d\u00e9gustation Offre pour professionnels D\u00e9couvrir nos offres pour les professionnels\" \/>\n<meta property=\"og:url\" content=\"https:\/\/aurythmedesvignes.fr\/en\/nos-offres\/\" \/>\n<meta property=\"og:site_name\" content=\"Au Rythme Des Vignes\" \/>\n<meta property=\"article:modified_time\" content=\"2023-07-07T15:03:15+00:00\" \/>\n<meta property=\"og:image\" content=\"https:\/\/aurythmedesvignes.fr\/wp-content\/uploads\/2023\/06\/Au-Rythme-des-Vignes-Balade-en-Hermitage-1-1-1-1024x768.jpg\" \/>\n<meta name=\"twitter:card\" content=\"summary_large_image\" \/>\n<script type=\"application\/ld+json\" class=\"yoast-schema-graph\">{\"@context\":\"https:\/\/schema.org\",\"@graph\":[{\"@type\":\"WebPage\",\"@id\":\"https:\/\/aurythmedesvignes.fr\/nos-offres\/\",\"url\":\"https:\/\/aurythmedesvignes.fr\/nos-offres\/\",\"name\":\"Nos offres - Au Rythme Des Vignes\",\"isPartOf\":{\"@id\":\"https:\/\/aurythmedesvignes.fr\/#website\"},\"primaryImageOfPage\":{\"@id\":\"https:\/\/aurythmedesvignes.fr\/nos-offres\/#primaryimage\"},\"image\":{\"@id\":\"https:\/\/aurythmedesvignes.fr\/nos-offres\/#primaryimage\"},\"thumbnailUrl\":\"https:\/\/aurythmedesvignes.fr\/wp-content\/uploads\/2023\/06\/Au-Rythme-des-Vignes-Balade-en-Hermitage-1-1-1-1024x768.jpg\",\"datePublished\":\"2023-04-21T08:55:24+00:00\",\"dateModified\":\"2023-07-07T15:03:15+00:00\",\"breadcrumb\":{\"@id\":\"https:\/\/aurythmedesvignes.fr\/nos-offres\/#breadcrumb\"},\"inLanguage\":\"en-US\",\"potentialAction\":[{\"@type\":\"ReadAction\",\"target\":[\"https:\/\/aurythmedesvignes.fr\/nos-offres\/\"]}]},{\"@type\":\"ImageObject\",\"inLanguage\":\"en-US\",\"@id\":\"https:\/\/aurythmedesvignes.fr\/nos-offres\/#primaryimage\",\"url\":\"https:\/\/aurythmedesvignes.fr\/wp-content\/uploads\/2023\/06\/Au-Rythme-des-Vignes-Balade-en-Hermitage-1-1-1-1024x768.jpg\",\"contentUrl\":\"https:\/\/aurythmedesvignes.fr\/wp-content\/uploads\/2023\/06\/Au-Rythme-des-Vignes-Balade-en-Hermitage-1-1-1-1024x768.jpg\"},{\"@type\":\"BreadcrumbList\",\"@id\":\"https:\/\/aurythmedesvignes.fr\/nos-offres\/#breadcrumb\",\"itemListElement\":[{\"@type\":\"ListItem\",\"position\":1,\"name\":\"Accueil\",\"item\":\"https:\/\/aurythmedesvignes.fr\/\"},{\"@type\":\"ListItem\",\"position\":2,\"name\":\"Nos offres\"}]},{\"@type\":\"WebSite\",\"@id\":\"https:\/\/aurythmedesvignes.fr\/#website\",\"url\":\"https:\/\/aurythmedesvignes.fr\/\",\"name\":\"Au Rythme Des Vignes\",\"description\":\"Offrez-vous une \u00e9chapp\u00e9e gourmande au c\u0153ur de la Vall\u00e9e du Rh\u00f4ne\",\"publisher\":{\"@id\":\"https:\/\/aurythmedesvignes.fr\/#organization\"},\"potentialAction\":[{\"@type\":\"SearchAction\",\"target\":{\"@type\":\"EntryPoint\",\"urlTemplate\":\"https:\/\/aurythmedesvignes.fr\/?s={search_term_string}\"},\"query-input\":{\"@type\":\"PropertyValueSpecification\",\"valueRequired\":true,\"valueName\":\"search_term_string\"}}],\"inLanguage\":\"en-US\"},{\"@type\":\"Organization\",\"@id\":\"https:\/\/aurythmedesvignes.fr\/#organization\",\"name\":\"Au Rythme des Vignes\",\"url\":\"https:\/\/aurythmedesvignes.fr\/\",\"logo\":{\"@type\":\"ImageObject\",\"inLanguage\":\"en-US\",\"@id\":\"https:\/\/aurythmedesvignes.fr\/#\/schema\/logo\/image\/\",\"url\":\"https:\/\/aurythmedesvignes.fr\/wp-content\/uploads\/2021\/02\/Logo-transparent-1.png\",\"contentUrl\":\"https:\/\/aurythmedesvignes.fr\/wp-content\/uploads\/2021\/02\/Logo-transparent-1.png\",\"width\":634,\"height\":449,\"caption\":\"Au Rythme des Vignes\"},\"image\":{\"@id\":\"https:\/\/aurythmedesvignes.fr\/#\/schema\/logo\/image\/\"}}]}<\/script>\n<!-- \/ Yoast SEO plugin. -->","yoast_head_json":{"title":"Nos offres - Au Rythme Des Vignes","robots":{"index":"index","follow":"follow","max-snippet":"max-snippet:-1","max-image-preview":"max-image-preview:large","max-video-preview":"max-video-preview:-1"},"canonical":"https:\/\/aurythmedesvignes.fr\/en\/nos-offres\/","og_locale":"en_US","og_type":"article","og_title":"Nos offres - Au Rythme Des Vignes","og_description":"Circuit privil\u00e8ges et d\u00e9gustations D\u00e9couvrir nos circuits Conf\u00e9rence d\u00e9gustation D\u00e9couvrir notre conf\u00e9rence d\u00e9gustation Offre pour professionnels D\u00e9couvrir nos offres pour les professionnels","og_url":"https:\/\/aurythmedesvignes.fr\/en\/nos-offres\/","og_site_name":"Au Rythme Des Vignes","article_modified_time":"2023-07-07T15:03:15+00:00","og_image":[{"url":"https:\/\/aurythmedesvignes.fr\/wp-content\/uploads\/2023\/06\/Au-Rythme-des-Vignes-Balade-en-Hermitage-1-1-1-1024x768.jpg"}],"twitter_card":"summary_large_image","schema":{"@context":"https:\/\/schema.org","@graph":[{"@type":"WebPage","@id":"https:\/\/aurythmedesvignes.fr\/nos-offres\/","url":"https:\/\/aurythmedesvignes.fr\/nos-offres\/","name":"Nos offres - Au Rythme Des Vignes","isPartOf":{"@id":"https:\/\/aurythmedesvignes.fr\/#website"},"primaryImageOfPage":{"@id":"https:\/\/aurythmedesvignes.fr\/nos-offres\/#primaryimage"},"image":{"@id":"https:\/\/aurythmedesvignes.fr\/nos-offres\/#primaryimage"},"thumbnailUrl":"https:\/\/aurythmedesvignes.fr\/wp-content\/uploads\/2023\/06\/Au-Rythme-des-Vignes-Balade-en-Hermitage-1-1-1-1024x768.jpg","datePublished":"2023-04-21T08:55:24+00:00","dateModified":"2023-07-07T15:03:15+00:00","breadcrumb":{"@id":"https:\/\/aurythmedesvignes.fr\/nos-offres\/#breadcrumb"},"inLanguage":"en-US","potentialAction":[{"@type":"ReadAction","target":["https:\/\/aurythmedesvignes.fr\/nos-offres\/"]}]},{"@type":"ImageObject","inLanguage":"en-US","@id":"https:\/\/aurythmedesvignes.fr\/nos-offres\/#primaryimage","url":"https:\/\/aurythmedesvignes.fr\/wp-content\/uploads\/2023\/06\/Au-Rythme-des-Vignes-Balade-en-Hermitage-1-1-1-1024x768.jpg","contentUrl":"https:\/\/aurythmedesvignes.fr\/wp-content\/uploads\/2023\/06\/Au-Rythme-des-Vignes-Balade-en-Hermitage-1-1-1-1024x768.jpg"},{"@type":"BreadcrumbList","@id":"https:\/\/aurythmedesvignes.fr\/nos-offres\/#breadcrumb","itemListElement":[{"@type":"ListItem","position":1,"name":"Accueil","item":"https:\/\/aurythmedesvignes.fr\/"},{"@type":"ListItem","position":2,"name":"Nos offres"}]},{"@type":"WebSite","@id":"https:\/\/aurythmedesvignes.fr\/#website","url":"https:\/\/aurythmedesvignes.fr\/","name":"Au Rythme Des Vignes","description":"Offrez-vous une \u00e9chapp\u00e9e gourmande au c\u0153ur de la Vall\u00e9e du Rh\u00f4ne","publisher":{"@id":"https:\/\/aurythmedesvignes.fr\/#organization"},"potentialAction":[{"@type":"SearchAction","target":{"@type":"EntryPoint","urlTemplate":"https:\/\/aurythmedesvignes.fr\/?s={search_term_string}"},"query-input":{"@type":"PropertyValueSpecification","valueRequired":true,"valueName":"search_term_string"}}],"inLanguage":"en-US"},{"@type":"Organization","@id":"https:\/\/aurythmedesvignes.fr\/#organization","name":"Au Rythme des Vignes","url":"https:\/\/aurythmedesvignes.fr\/","logo":{"@type":"ImageObject","inLanguage":"en-US","@id":"https:\/\/aurythmedesvignes.fr\/#\/schema\/logo\/image\/","url":"https:\/\/aurythmedesvignes.fr\/wp-content\/uploads\/2021\/02\/Logo-transparent-1.png","contentUrl":"https:\/\/aurythmedesvignes.fr\/wp-content\/uploads\/2021\/02\/Logo-transparent-1.png","width":634,"height":449,"caption":"Au Rythme des Vignes"},"image":{"@id":"https:\/\/aurythmedesvignes.fr\/#\/schema\/logo\/image\/"}}]}},"_links":{"self":[{"href":"https:\/\/aurythmedesvignes.fr\/en\/wp-json\/wp\/v2\/pages\/3829"}],"collection":[{"href":"https:\/\/aurythmedesvignes.fr\/en\/wp-json\/wp\/v2\/pages"}],"about":[{"href":"https:\/\/aurythmedesvignes.fr\/en\/wp-json\/wp\/v2\/types\/page"}],"author":[{"embeddable":true,"href":"https:\/\/aurythmedesvignes.fr\/en\/wp-json\/wp\/v2\/users\/7"}],"replies":[{"embeddable":true,"href":"https:\/\/aurythmedesvignes.fr\/en\/wp-json\/wp\/v2\/comments?post=3829"}],"version-history":[{"count":38,"href":"https:\/\/aurythmedesvignes.fr\/en\/wp-json\/wp\/v2\/pages\/3829\/revisions"}],"predecessor-version":[{"id":4499,"href":"https:\/\/aurythmedesvignes.fr\/en\/wp-json\/wp\/v2\/pages\/3829\/revisions\/4499"}],"wp:attachment":[{"href":"https:\/\/aurythmedesvignes.fr\/en\/wp-json\/wp\/v2\/media?parent=3829"}],"curies":[{"name":"wp","href":"https:\/\/api.w.org\/{rel}","templated":true}]}}