{"id":26,"date":"2020-04-16T11:21:01","date_gmt":"2020-04-16T09:21:01","guid":{"rendered":"https:\/\/aurythmedesvignes.fr\/?page_id=26"},"modified":"2022-09-09T11:38:58","modified_gmt":"2022-09-09T09:38:58","slug":"contact","status":"publish","type":"page","link":"https:\/\/aurythmedesvignes.fr\/en\/contact\/","title":{"rendered":"Contact"},"content":{"rendered":"\t\t<div data-elementor-type=\"wp-page\" data-elementor-id=\"26\" class=\"elementor elementor-26\" data-elementor-post-type=\"page\">\n\t\t\t\t\t\t<section class=\"elementor-section elementor-top-section elementor-element elementor-element-b1fd636 elementor-section-height-min-height elementor-section-boxed elementor-section-height-default elementor-section-items-middle\" data-id=\"b1fd636\" data-element_type=\"section\" data-settings=\"{&quot;background_background&quot;:&quot;classic&quot;}\">\n\t\t\t\t\t\t<div class=\"elementor-container elementor-column-gap-default\">\n\t\t\t\t\t<div class=\"elementor-column elementor-col-100 elementor-top-column elementor-element elementor-element-627c7e9\" data-id=\"627c7e9\" data-element_type=\"column\">\n\t\t\t<div class=\"elementor-widget-wrap\">\n\t\t\t\t\t\t\t<\/div>\n\t\t<\/div>\n\t\t\t\t\t<\/div>\n\t\t<\/section>\n\t\t\t\t<section class=\"elementor-section elementor-top-section elementor-element elementor-element-5e45686 elementor-section-boxed elementor-section-height-default elementor-section-height-default\" data-id=\"5e45686\" data-element_type=\"section\">\n\t\t\t\t\t\t<div class=\"elementor-container elementor-column-gap-default\">\n\t\t\t\t\t<div class=\"elementor-column elementor-col-100 elementor-top-column elementor-element elementor-element-e086201\" data-id=\"e086201\" data-element_type=\"column\">\n\t\t\t<div class=\"elementor-widget-wrap elementor-element-populated\">\n\t\t\t\t\t\t<div class=\"elementor-element elementor-element-e2f3f4b elementor-widget elementor-widget-heading\" data-id=\"e2f3f4b\" data-element_type=\"widget\" data-widget_type=\"heading.default\">\n\t\t\t\t<div class=\"elementor-widget-container\">\n\t\t\t\t\t<h1 class=\"elementor-heading-title elementor-size-default\">Nous contacter<\/h1>\t\t\t\t<\/div>\n\t\t\t\t<\/div>\n\t\t\t\t\t<\/div>\n\t\t<\/div>\n\t\t\t\t\t<\/div>\n\t\t<\/section>\n\t\t\t\t<section class=\"elementor-section elementor-top-section elementor-element elementor-element-5eaa5bc7 elementor-section-boxed elementor-section-height-default elementor-section-height-default\" data-id=\"5eaa5bc7\" data-element_type=\"section\">\n\t\t\t\t\t\t<div class=\"elementor-container elementor-column-gap-default\">\n\t\t\t\t\t<div class=\"elementor-column elementor-col-50 elementor-top-column elementor-element elementor-element-58e1f124\" data-id=\"58e1f124\" data-element_type=\"column\">\n\t\t\t<div class=\"elementor-widget-wrap elementor-element-populated\">\n\t\t\t\t\t\t<div class=\"elementor-element elementor-element-306b221 elementor-button-align-stretch elementor-widget elementor-widget-form\" data-id=\"306b221\" data-element_type=\"widget\" data-settings=\"{&quot;step_next_label&quot;:&quot;Suivant&quot;,&quot;step_previous_label&quot;:&quot;Pr\\u00e9c\\u00e9dent&quot;,&quot;button_width&quot;:&quot;100&quot;,&quot;step_type&quot;:&quot;number_text&quot;,&quot;step_icon_shape&quot;:&quot;circle&quot;}\" data-widget_type=\"form.default\">\n\t\t\t\t<div class=\"elementor-widget-container\">\n\t\t\t\t\t\t\t<form class=\"elementor-form\" method=\"post\" name=\"Contact\">\n\t\t\t<input type=\"hidden\" name=\"post_id\" value=\"26\"\/>\n\t\t\t<input type=\"hidden\" name=\"form_id\" value=\"306b221\"\/>\n\t\t\t<input type=\"hidden\" name=\"referer_title\" value=\"Au Rythme Des Vignes\" \/>\n\n\t\t\t\n\t\t\t<div class=\"elementor-form-fields-wrapper elementor-labels-above\">\n\t\t\t\t\t\t\t\t<div class=\"elementor-field-type-email elementor-field-group elementor-column elementor-field-group-email elementor-col-100 elementor-field-required\">\n\t\t\t\t\t\t\t\t\t\t\t\t<label for=\"form-field-email\" class=\"elementor-field-label\">\n\t\t\t\t\t\t\t\tE-mail\t\t\t\t\t\t\t<\/label>\n\t\t\t\t\t\t\t\t\t\t\t\t\t\t<input size=\"1\" type=\"email\" name=\"form_fields[email]\" id=\"form-field-email\" class=\"elementor-field elementor-size-sm  elementor-field-textual\" placeholder=\"E-mail\" required=\"required\">\n\t\t\t\t\t\t\t\t\t\t\t<\/div>\n\t\t\t\t\t\t\t\t<div class=\"elementor-field-type-textarea elementor-field-group elementor-column elementor-field-group-message elementor-col-100\">\n\t\t\t\t\t\t\t\t\t\t\t\t<label for=\"form-field-message\" class=\"elementor-field-label\">\n\t\t\t\t\t\t\t\tMessage\t\t\t\t\t\t\t<\/label>\n\t\t\t\t\t\t<textarea class=\"elementor-field-textual elementor-field  elementor-size-sm\" name=\"form_fields[message]\" id=\"form-field-message\" rows=\"4\" placeholder=\"Message\"><\/textarea>\t\t\t\t<\/div>\n\t\t\t\t\t\t\t\t<div class=\"elementor-field-group elementor-column elementor-field-type-submit elementor-col-100 e-form__buttons\">\n\t\t\t\t\t<button class=\"elementor-button elementor-size-sm\" type=\"submit\">\n\t\t\t\t\t\t<span class=\"elementor-button-content-wrapper\">\n\t\t\t\t\t\t\t\t\t\t\t\t\t\t\t\t\t\t\t\t\t\t<span class=\"elementor-button-text\">Envoyer<\/span>\n\t\t\t\t\t\t\t\t\t\t\t\t\t<\/span>\n\t\t\t\t\t<\/button>\n\t\t\t\t<\/div>\n\t\t\t<\/div>\n\t\t<\/form>\n\t\t\t\t\t\t<\/div>\n\t\t\t\t<\/div>\n\t\t\t\t\t<\/div>\n\t\t<\/div>\n\t\t\t\t<div class=\"elementor-column elementor-col-50 elementor-top-column elementor-element elementor-element-0fe195a\" data-id=\"0fe195a\" data-element_type=\"column\">\n\t\t\t<div class=\"elementor-widget-wrap elementor-element-populated\">\n\t\t\t\t\t\t<div class=\"elementor-element elementor-element-b22bb83 elementor-hidden-phone elementor-widget elementor-widget-theme-site-logo elementor-widget-image\" data-id=\"b22bb83\" data-element_type=\"widget\" data-widget_type=\"theme-site-logo.default\">\n\t\t\t\t<div class=\"elementor-widget-container\">\n\t\t\t\t\t\t\t\t\t\t\t<a href=\"https:\/\/aurythmedesvignes.fr\/en\">\n\t\t\t<img fetchpriority=\"high\" decoding=\"async\" width=\"634\" height=\"449\" src=\"https:\/\/aurythmedesvignes.fr\/wp-content\/uploads\/2021\/02\/Logo-transparent-1.png\" class=\"attachment-full size-full wp-image-624\" alt=\"\" srcset=\"https:\/\/aurythmedesvignes.fr\/wp-content\/uploads\/2021\/02\/Logo-transparent-1.png 634w, https:\/\/aurythmedesvignes.fr\/wp-content\/uploads\/2021\/02\/Logo-transparent-1-600x425.png 600w, https:\/\/aurythmedesvignes.fr\/wp-content\/uploads\/2021\/02\/Logo-transparent-1-300x212.png 300w, https:\/\/aurythmedesvignes.fr\/wp-content\/uploads\/2021\/02\/Logo-transparent-1-400x284.png 400w, https:\/\/aurythmedesvignes.fr\/wp-content\/uploads\/2021\/02\/Logo-transparent-1-480x340.png 480w\" sizes=\"(max-width: 634px) 100vw, 634px\" \/>\t\t\t\t<\/a>\n\t\t\t\t\t\t\t\t\t\t\t<\/div>\n\t\t\t\t<\/div>\n\t\t\t\t<div class=\"elementor-element elementor-element-c832dcf elementor-shape-circle e-grid-align-left elementor-grid-0 elementor-widget elementor-widget-social-icons\" data-id=\"c832dcf\" data-element_type=\"widget\" data-widget_type=\"social-icons.default\">\n\t\t\t\t<div class=\"elementor-widget-container\">\n\t\t\t\t\t\t\t<div class=\"elementor-social-icons-wrapper elementor-grid\">\n\t\t\t\t\t\t\t<span class=\"elementor-grid-item\">\n\t\t\t\t\t<a class=\"elementor-icon elementor-social-icon elementor-social-icon-facebook-messenger elementor-repeater-item-4675a30\" href=\"https:\/\/m.me\/arnaud.gayrard\" target=\"_blank\">\n\t\t\t\t\t\t<span class=\"elementor-screen-only\">Facebook-messenger<\/span>\n\t\t\t\t\t\t<i class=\"fab fa-facebook-messenger\"><\/i>\t\t\t\t\t<\/a>\n\t\t\t\t<\/span>\n\t\t\t\t\t\t\t<span class=\"elementor-grid-item\">\n\t\t\t\t\t<a class=\"elementor-icon elementor-social-icon elementor-social-icon-whatsapp elementor-repeater-item-7a3a0a4\" href=\"https:\/\/api.whatsapp.com\/send?phone=33683886624\" target=\"_blank\">\n\t\t\t\t\t\t<span class=\"elementor-screen-only\">Whatsapp<\/span>\n\t\t\t\t\t\t<i class=\"fab fa-whatsapp\"><\/i>\t\t\t\t\t<\/a>\n\t\t\t\t<\/span>\n\t\t\t\t\t<\/div>\n\t\t\t\t\t\t<\/div>\n\t\t\t\t<\/div>\n\t\t\t\t<div class=\"elementor-element elementor-element-36533bd elementor-widget elementor-widget-text-editor\" data-id=\"36533bd\" data-element_type=\"widget\" data-widget_type=\"text-editor.default\">\n\t\t\t\t<div class=\"elementor-widget-container\">\n\t\t\t\t\t\t\t\t\t<p>16 rue Dr Horand, 69009 LYON<\/p>\n<p>06 83 88 66 24<br \/>contact@aurythmedesvignes.fr<\/p>\t\t\t\t\t\t\t\t<\/div>\n\t\t\t\t<\/div>\n\t\t\t\t\t<\/div>\n\t\t<\/div>\n\t\t\t\t\t<\/div>\n\t\t<\/section>\n\t\t\t\t<section class=\"elementor-section elementor-top-section elementor-element elementor-element-1a5576c elementor-section-boxed elementor-section-height-default elementor-section-height-default\" data-id=\"1a5576c\" data-element_type=\"section\">\n\t\t\t\t\t\t<div class=\"elementor-container elementor-column-gap-default\">\n\t\t\t\t\t<div class=\"elementor-column elementor-col-100 elementor-top-column elementor-element elementor-element-4ee931b\" data-id=\"4ee931b\" data-element_type=\"column\">\n\t\t\t<div class=\"elementor-widget-wrap elementor-element-populated\">\n\t\t\t\t\t\t<div class=\"elementor-element elementor-element-ab92c9f elementor-widget-divider--view-line elementor-widget elementor-widget-divider\" data-id=\"ab92c9f\" data-element_type=\"widget\" data-widget_type=\"divider.default\">\n\t\t\t\t<div class=\"elementor-widget-container\">\n\t\t\t\t\t\t\t<div class=\"elementor-divider\">\n\t\t\t<span class=\"elementor-divider-separator\">\n\t\t\t\t\t\t<\/span>\n\t\t<\/div>\n\t\t\t\t\t\t<\/div>\n\t\t\t\t<\/div>\n\t\t\t\t\t<\/div>\n\t\t<\/div>\n\t\t\t\t\t<\/div>\n\t\t<\/section>\n\t\t\t\t<\/div>\n\t\t","protected":false},"excerpt":{"rendered":"<p>Nous contacter Facebook-messenger Whatsapp 16 rue Dr Horand, 69009 LYON 06 83 88 66 24contact@aurythmedesvignes.fr<\/p>","protected":false},"author":1,"featured_media":0,"parent":0,"menu_order":0,"comment_status":"closed","ping_status":"closed","template":"","meta":{"footnotes":""},"acf":[],"yoast_head":"<!-- This site is optimized with the Yoast SEO plugin v23.5 - https:\/\/yoast.com\/wordpress\/plugins\/seo\/ -->\n<title>Contactez nous pour des circuits oenologiques<\/title>\n<meta name=\"description\" content=\"Contactez-nous pour des circuits privatis\u00e9s ou en groupe dans les vignes en compagnie d\u2019un guide oenologique dans la Vall\u00e9e du Rh\u00f4ne.\" \/>\n<meta name=\"robots\" content=\"index, follow, max-snippet:-1, max-image-preview:large, max-video-preview:-1\" \/>\n<link rel=\"canonical\" href=\"https:\/\/aurythmedesvignes.fr\/en\/contact\/\" \/>\n<meta property=\"og:locale\" content=\"en_US\" \/>\n<meta property=\"og:type\" content=\"article\" \/>\n<meta property=\"og:title\" content=\"Contactez nous pour des circuits oenologiques\" \/>\n<meta property=\"og:description\" content=\"Contactez-nous pour des circuits privatis\u00e9s ou en groupe dans les vignes en compagnie d\u2019un guide oenologique dans la Vall\u00e9e du Rh\u00f4ne.\" \/>\n<meta property=\"og:url\" content=\"https:\/\/aurythmedesvignes.fr\/en\/contact\/\" \/>\n<meta property=\"og:site_name\" content=\"Au Rythme Des Vignes\" \/>\n<meta property=\"article:modified_time\" content=\"2022-09-09T09:38:58+00:00\" \/>\n<meta name=\"twitter:card\" content=\"summary_large_image\" \/>\n<meta name=\"twitter:label1\" content=\"Est. reading time\" \/>\n\t<meta name=\"twitter:data1\" content=\"1 minute\" \/>\n<script type=\"application\/ld+json\" class=\"yoast-schema-graph\">{\"@context\":\"https:\/\/schema.org\",\"@graph\":[{\"@type\":\"WebPage\",\"@id\":\"https:\/\/aurythmedesvignes.fr\/contact\/\",\"url\":\"https:\/\/aurythmedesvignes.fr\/contact\/\",\"name\":\"Contactez nous pour des circuits oenologiques\",\"isPartOf\":{\"@id\":\"https:\/\/aurythmedesvignes.fr\/#website\"},\"datePublished\":\"2020-04-16T09:21:01+00:00\",\"dateModified\":\"2022-09-09T09:38:58+00:00\",\"description\":\"Contactez-nous pour des circuits privatis\u00e9s ou en groupe dans les vignes en compagnie d\u2019un guide oenologique dans la Vall\u00e9e du Rh\u00f4ne.\",\"breadcrumb\":{\"@id\":\"https:\/\/aurythmedesvignes.fr\/contact\/#breadcrumb\"},\"inLanguage\":\"en-US\",\"potentialAction\":[{\"@type\":\"ReadAction\",\"target\":[\"https:\/\/aurythmedesvignes.fr\/contact\/\"]}]},{\"@type\":\"BreadcrumbList\",\"@id\":\"https:\/\/aurythmedesvignes.fr\/contact\/#breadcrumb\",\"itemListElement\":[{\"@type\":\"ListItem\",\"position\":1,\"name\":\"Accueil\",\"item\":\"https:\/\/aurythmedesvignes.fr\/\"},{\"@type\":\"ListItem\",\"position\":2,\"name\":\"Contact\"}]},{\"@type\":\"WebSite\",\"@id\":\"https:\/\/aurythmedesvignes.fr\/#website\",\"url\":\"https:\/\/aurythmedesvignes.fr\/\",\"name\":\"Au Rythme Des Vignes\",\"description\":\"Offrez-vous une \u00e9chapp\u00e9e gourmande au c\u0153ur de la Vall\u00e9e du Rh\u00f4ne\",\"publisher\":{\"@id\":\"https:\/\/aurythmedesvignes.fr\/#organization\"},\"potentialAction\":[{\"@type\":\"SearchAction\",\"target\":{\"@type\":\"EntryPoint\",\"urlTemplate\":\"https:\/\/aurythmedesvignes.fr\/?s={search_term_string}\"},\"query-input\":{\"@type\":\"PropertyValueSpecification\",\"valueRequired\":true,\"valueName\":\"search_term_string\"}}],\"inLanguage\":\"en-US\"},{\"@type\":\"Organization\",\"@id\":\"https:\/\/aurythmedesvignes.fr\/#organization\",\"name\":\"Au Rythme des Vignes\",\"url\":\"https:\/\/aurythmedesvignes.fr\/\",\"logo\":{\"@type\":\"ImageObject\",\"inLanguage\":\"en-US\",\"@id\":\"https:\/\/aurythmedesvignes.fr\/#\/schema\/logo\/image\/\",\"url\":\"https:\/\/aurythmedesvignes.fr\/wp-content\/uploads\/2021\/02\/Logo-transparent-1.png\",\"contentUrl\":\"https:\/\/aurythmedesvignes.fr\/wp-content\/uploads\/2021\/02\/Logo-transparent-1.png\",\"width\":634,\"height\":449,\"caption\":\"Au Rythme des Vignes\"},\"image\":{\"@id\":\"https:\/\/aurythmedesvignes.fr\/#\/schema\/logo\/image\/\"}}]}<\/script>\n<!-- \/ Yoast SEO plugin. -->","yoast_head_json":{"title":"Contactez nous pour des circuits oenologiques","description":"Contactez-nous pour des circuits privatis\u00e9s ou en groupe dans les vignes en compagnie d\u2019un guide oenologique dans la Vall\u00e9e du Rh\u00f4ne.","robots":{"index":"index","follow":"follow","max-snippet":"max-snippet:-1","max-image-preview":"max-image-preview:large","max-video-preview":"max-video-preview:-1"},"canonical":"https:\/\/aurythmedesvignes.fr\/en\/contact\/","og_locale":"en_US","og_type":"article","og_title":"Contactez nous pour des circuits oenologiques","og_description":"Contactez-nous pour des circuits privatis\u00e9s ou en groupe dans les vignes en compagnie d\u2019un guide oenologique dans la Vall\u00e9e du Rh\u00f4ne.","og_url":"https:\/\/aurythmedesvignes.fr\/en\/contact\/","og_site_name":"Au Rythme Des Vignes","article_modified_time":"2022-09-09T09:38:58+00:00","twitter_card":"summary_large_image","twitter_misc":{"Est. reading time":"1 minute"},"schema":{"@context":"https:\/\/schema.org","@graph":[{"@type":"WebPage","@id":"https:\/\/aurythmedesvignes.fr\/contact\/","url":"https:\/\/aurythmedesvignes.fr\/contact\/","name":"Contactez nous pour des circuits oenologiques","isPartOf":{"@id":"https:\/\/aurythmedesvignes.fr\/#website"},"datePublished":"2020-04-16T09:21:01+00:00","dateModified":"2022-09-09T09:38:58+00:00","description":"Contactez-nous pour des circuits privatis\u00e9s ou en groupe dans les vignes en compagnie d\u2019un guide oenologique dans la Vall\u00e9e du Rh\u00f4ne.","breadcrumb":{"@id":"https:\/\/aurythmedesvignes.fr\/contact\/#breadcrumb"},"inLanguage":"en-US","potentialAction":[{"@type":"ReadAction","target":["https:\/\/aurythmedesvignes.fr\/contact\/"]}]},{"@type":"BreadcrumbList","@id":"https:\/\/aurythmedesvignes.fr\/contact\/#breadcrumb","itemListElement":[{"@type":"ListItem","position":1,"name":"Accueil","item":"https:\/\/aurythmedesvignes.fr\/"},{"@type":"ListItem","position":2,"name":"Contact"}]},{"@type":"WebSite","@id":"https:\/\/aurythmedesvignes.fr\/#website","url":"https:\/\/aurythmedesvignes.fr\/","name":"Au Rythme Des Vignes","description":"Offrez-vous une \u00e9chapp\u00e9e gourmande au c\u0153ur de la Vall\u00e9e du Rh\u00f4ne","publisher":{"@id":"https:\/\/aurythmedesvignes.fr\/#organization"},"potentialAction":[{"@type":"SearchAction","target":{"@type":"EntryPoint","urlTemplate":"https:\/\/aurythmedesvignes.fr\/?s={search_term_string}"},"query-input":{"@type":"PropertyValueSpecification","valueRequired":true,"valueName":"search_term_string"}}],"inLanguage":"en-US"},{"@type":"Organization","@id":"https:\/\/aurythmedesvignes.fr\/#organization","name":"Au Rythme des Vignes","url":"https:\/\/aurythmedesvignes.fr\/","logo":{"@type":"ImageObject","inLanguage":"en-US","@id":"https:\/\/aurythmedesvignes.fr\/#\/schema\/logo\/image\/","url":"https:\/\/aurythmedesvignes.fr\/wp-content\/uploads\/2021\/02\/Logo-transparent-1.png","contentUrl":"https:\/\/aurythmedesvignes.fr\/wp-content\/uploads\/2021\/02\/Logo-transparent-1.png","width":634,"height":449,"caption":"Au Rythme des Vignes"},"image":{"@id":"https:\/\/aurythmedesvignes.fr\/#\/schema\/logo\/image\/"}}]}},"_links":{"self":[{"href":"https:\/\/aurythmedesvignes.fr\/en\/wp-json\/wp\/v2\/pages\/26"}],"collection":[{"href":"https:\/\/aurythmedesvignes.fr\/en\/wp-json\/wp\/v2\/pages"}],"about":[{"href":"https:\/\/aurythmedesvignes.fr\/en\/wp-json\/wp\/v2\/types\/page"}],"author":[{"embeddable":true,"href":"https:\/\/aurythmedesvignes.fr\/en\/wp-json\/wp\/v2\/users\/1"}],"replies":[{"embeddable":true,"href":"https:\/\/aurythmedesvignes.fr\/en\/wp-json\/wp\/v2\/comments?post=26"}],"version-history":[{"count":40,"href":"https:\/\/aurythmedesvignes.fr\/en\/wp-json\/wp\/v2\/pages\/26\/revisions"}],"predecessor-version":[{"id":3064,"href":"https:\/\/aurythmedesvignes.fr\/en\/wp-json\/wp\/v2\/pages\/26\/revisions\/3064"}],"wp:attachment":[{"href":"https:\/\/aurythmedesvignes.fr\/en\/wp-json\/wp\/v2\/media?parent=26"}],"curies":[{"name":"wp","href":"https:\/\/api.w.org\/{rel}","templated":true}]}}