{"id":2017,"date":"2021-08-20T14:30:23","date_gmt":"2021-08-20T12:30:23","guid":{"rendered":"https:\/\/aurythmedesvignes.fr\/?page_id=2017"},"modified":"2023-07-07T16:44:27","modified_gmt":"2023-07-07T14:44:27","slug":"offrir-un-circuit","status":"publish","type":"page","link":"https:\/\/aurythmedesvignes.fr\/en\/offrir-un-circuit\/","title":{"rendered":"Offrir la Cl\u00e9 des Vignes"},"content":{"rendered":"<div data-elementor-type=\"wp-page\" data-elementor-id=\"2017\" class=\"elementor elementor-2017\" data-elementor-post-type=\"page\">\n\t\t\t\t\t\t<section class=\"elementor-section elementor-top-section elementor-element elementor-element-891d8c9 elementor-section-height-min-height elementor-section-boxed elementor-section-height-default elementor-section-items-middle\" data-id=\"891d8c9\" data-element_type=\"section\" data-settings=\"{&quot;background_background&quot;:&quot;classic&quot;}\">\n\t\t\t\t\t\t<div class=\"elementor-container elementor-column-gap-default\">\n\t\t\t\t\t<div class=\"elementor-column elementor-col-100 elementor-top-column elementor-element elementor-element-37df67b\" data-id=\"37df67b\" data-element_type=\"column\">\n\t\t\t<div class=\"elementor-widget-wrap elementor-element-populated\">\n\t\t\t\t\t\t<div class=\"elementor-element elementor-element-565d4dd elementor-widget elementor-widget-heading\" data-id=\"565d4dd\" data-element_type=\"widget\" data-widget_type=\"heading.default\">\n\t\t\t\t<div class=\"elementor-widget-container\">\n\t\t\t\t\t<h1 class=\"elementor-heading-title elementor-size-default\">One-day tour:<\/h1>\t\t\t\t<\/div>\n\t\t\t\t<\/div>\n\t\t\t\t<div class=\"elementor-element elementor-element-7d26d63 elementor-widget elementor-widget-heading\" data-id=\"7d26d63\" data-element_type=\"widget\" data-widget_type=\"heading.default\">\n\t\t\t\t<div class=\"elementor-widget-container\">\n\t\t\t\t\t<h1 class=\"elementor-heading-title elementor-size-default\">La Cl\u00e9 des Vignes<\/h1>\t\t\t\t<\/div>\n\t\t\t\t<\/div>\n\t\t\t\t<div class=\"elementor-element elementor-element-bbf9b32 elementor-widget elementor-widget-heading\" data-id=\"bbf9b32\" data-element_type=\"widget\" data-widget_type=\"heading.default\">\n\t\t\t\t<div class=\"elementor-widget-container\">\n\t\t\t\t\t<p class=\"elementor-heading-title elementor-size-default\"> \u2022 C\u00f4tes du Rh\u00f4ne Nord \u2022 <\/p>\t\t\t\t<\/div>\n\t\t\t\t<\/div>\n\t\t\t\t<div class=\"elementor-element elementor-element-08d1579 elementor-view-default elementor-widget elementor-widget-icon\" data-id=\"08d1579\" data-element_type=\"widget\" data-widget_type=\"icon.default\">\n\t\t\t\t<div class=\"elementor-widget-container\">\n\t\t\t\t\t\t\t<div class=\"elementor-icon-wrapper\">\n\t\t\t<a class=\"elementor-icon\" href=\"#bookMain\">\n\t\t\t<i aria-hidden=\"true\" class=\"fas fa-chevron-circle-down\"><\/i>\t\t\t<\/a>\n\t\t<\/div>\n\t\t\t\t\t\t<\/div>\n\t\t\t\t<\/div>\n\t\t\t\t\t<\/div>\n\t\t<\/div>\n\t\t\t\t\t<\/div>\n\t\t<\/section>\n\t\t\t\t<section class=\"elementor-section elementor-top-section elementor-element elementor-element-71c1519 elementor-section-boxed elementor-section-height-default elementor-section-height-default\" data-id=\"71c1519\" data-element_type=\"section\" data-settings=\"{&quot;background_background&quot;:&quot;classic&quot;}\">\n\t\t\t\t\t\t<div class=\"elementor-container elementor-column-gap-default\">\n\t\t\t\t\t<div class=\"elementor-column elementor-col-50 elementor-top-column elementor-element elementor-element-38b3bc20\" data-id=\"38b3bc20\" data-element_type=\"column\" data-settings=\"{&quot;background_background&quot;:&quot;classic&quot;}\">\n\t\t\t<div class=\"elementor-widget-wrap elementor-element-populated\">\n\t\t\t\t\t\t<section class=\"elementor-section elementor-inner-section elementor-element elementor-element-3a0f79c8 elementor-section-boxed elementor-section-height-default elementor-section-height-default\" data-id=\"3a0f79c8\" data-element_type=\"section\">\n\t\t\t\t\t\t<div class=\"elementor-container elementor-column-gap-default\">\n\t\t\t\t\t<div class=\"elementor-column elementor-col-100 elementor-inner-column elementor-element elementor-element-52205846\" data-id=\"52205846\" data-element_type=\"column\" data-settings=\"{&quot;background_background&quot;:&quot;classic&quot;}\">\n\t\t\t<div class=\"elementor-widget-wrap elementor-element-populated\">\n\t\t\t\t\t\t<div class=\"elementor-element elementor-element-3ed50398 e-transform e-transform elementor-widget elementor-widget-image\" data-id=\"3ed50398\" data-element_type=\"widget\" data-settings=\"{&quot;_transform_scale_effect&quot;:{&quot;unit&quot;:&quot;px&quot;,&quot;size&quot;:1.1,&quot;sizes&quot;:[]},&quot;_transform_translateY_effect&quot;:{&quot;unit&quot;:&quot;px&quot;,&quot;size&quot;:-16,&quot;sizes&quot;:[]},&quot;_transform_translateX_effect&quot;:{&quot;unit&quot;:&quot;px&quot;,&quot;size&quot;:&quot;&quot;,&quot;sizes&quot;:[]},&quot;_transform_translateX_effect_tablet&quot;:{&quot;unit&quot;:&quot;px&quot;,&quot;size&quot;:&quot;&quot;,&quot;sizes&quot;:[]},&quot;_transform_translateX_effect_mobile&quot;:{&quot;unit&quot;:&quot;px&quot;,&quot;size&quot;:&quot;&quot;,&quot;sizes&quot;:[]},&quot;_transform_translateY_effect_tablet&quot;:{&quot;unit&quot;:&quot;px&quot;,&quot;size&quot;:&quot;&quot;,&quot;sizes&quot;:[]},&quot;_transform_translateY_effect_mobile&quot;:{&quot;unit&quot;:&quot;px&quot;,&quot;size&quot;:&quot;&quot;,&quot;sizes&quot;:[]},&quot;_transform_scale_effect_tablet&quot;:{&quot;unit&quot;:&quot;px&quot;,&quot;size&quot;:&quot;&quot;,&quot;sizes&quot;:[]},&quot;_transform_scale_effect_mobile&quot;:{&quot;unit&quot;:&quot;px&quot;,&quot;size&quot;:&quot;&quot;,&quot;sizes&quot;:[]}}\" data-widget_type=\"image.default\">\n\t\t\t\t<div class=\"elementor-widget-container\">\n\t\t\t\t\t\t\t\t\t\t\t\t\t\t\t<img fetchpriority=\"high\" decoding=\"async\" width=\"2560\" height=\"1707\" src=\"https:\/\/aurythmedesvignes.fr\/wp-content\/uploads\/2022\/09\/Copie-de-IMG_0890-scaled.jpg\" class=\"elementor-animation-bob attachment-full size-full wp-image-3096\" alt=\"\" srcset=\"https:\/\/aurythmedesvignes.fr\/wp-content\/uploads\/2022\/09\/Copie-de-IMG_0890-scaled.jpg 2560w, https:\/\/aurythmedesvignes.fr\/wp-content\/uploads\/2022\/09\/Copie-de-IMG_0890-300x200.jpg 300w, https:\/\/aurythmedesvignes.fr\/wp-content\/uploads\/2022\/09\/Copie-de-IMG_0890-1024x683.jpg 1024w, https:\/\/aurythmedesvignes.fr\/wp-content\/uploads\/2022\/09\/Copie-de-IMG_0890-768x512.jpg 768w, https:\/\/aurythmedesvignes.fr\/wp-content\/uploads\/2022\/09\/Copie-de-IMG_0890-1536x1024.jpg 1536w, https:\/\/aurythmedesvignes.fr\/wp-content\/uploads\/2022\/09\/Copie-de-IMG_0890-2048x1365.jpg 2048w, https:\/\/aurythmedesvignes.fr\/wp-content\/uploads\/2022\/09\/Copie-de-IMG_0890-18x12.jpg 18w, https:\/\/aurythmedesvignes.fr\/wp-content\/uploads\/2022\/09\/Copie-de-IMG_0890-600x400.jpg 600w\" sizes=\"(max-width: 2560px) 100vw, 2560px\" \/>\t\t\t\t\t\t\t\t\t\t\t\t\t\t\t<\/div>\n\t\t\t\t<\/div>\n\t\t\t\t<div class=\"elementor-element elementor-element-1fa2e30f elementor-widget elementor-widget-text-editor\" data-id=\"1fa2e30f\" data-element_type=\"widget\" data-widget_type=\"text-editor.default\">\n\t\t\t\t<div class=\"elementor-widget-container\">\n\t\t\t\t\t\t\t\t\t<h3 class=\"elementor-icon-box-title\">Private circuit<\/h3><p>Enjoy a private experience with family or friends<\/p>\t\t\t\t\t\t\t\t<\/div>\n\t\t\t\t<\/div>\n\t\t\t\t<div class=\"elementor-element elementor-element-1b6c96d0 elementor-align-justify elementor-mobile-align-justify elementor-widget elementor-widget-button\" data-id=\"1b6c96d0\" data-element_type=\"widget\" data-widget_type=\"button.default\">\n\t\t\t\t<div class=\"elementor-widget-container\">\n\t\t\t\t\t\t\t\t\t<div class=\"elementor-button-wrapper\">\n\t\t\t\t\t<a class=\"elementor-button elementor-button-link elementor-size-sm\" href=\"https:\/\/aurythmedesvignes.fr\/en\/product\/offrir-la-cle-des-vignes-privatisee\/\">\n\t\t\t\t\t\t<span class=\"elementor-button-content-wrapper\">\n\t\t\t\t\t\t<span class=\"elementor-button-icon\">\n\t\t\t\t<i aria-hidden=\"true\" class=\"fas fa-ticket-alt\"><\/i>\t\t\t<\/span>\n\t\t\t\t\t\t\t\t\t<span class=\"elementor-button-text\">I offer a private circuit<\/span>\n\t\t\t\t\t<\/span>\n\t\t\t\t\t<\/a>\n\t\t\t\t<\/div>\n\t\t\t\t\t\t\t\t<\/div>\n\t\t\t\t<\/div>\n\t\t\t\t\t<\/div>\n\t\t<\/div>\n\t\t\t\t\t<\/div>\n\t\t<\/section>\n\t\t\t\t\t<\/div>\n\t\t<\/div>\n\t\t\t\t<div class=\"elementor-column elementor-col-50 elementor-top-column elementor-element elementor-element-1d0cf915\" data-id=\"1d0cf915\" data-element_type=\"column\" data-settings=\"{&quot;background_background&quot;:&quot;classic&quot;}\">\n\t\t\t<div class=\"elementor-widget-wrap elementor-element-populated\">\n\t\t\t\t\t\t<section class=\"elementor-section elementor-inner-section elementor-element elementor-element-636d5d78 elementor-section-boxed elementor-section-height-default elementor-section-height-default\" data-id=\"636d5d78\" data-element_type=\"section\">\n\t\t\t\t\t\t<div class=\"elementor-container elementor-column-gap-default\">\n\t\t\t\t\t<div class=\"elementor-column elementor-col-100 elementor-inner-column elementor-element elementor-element-52e333bb\" data-id=\"52e333bb\" data-element_type=\"column\" data-settings=\"{&quot;background_background&quot;:&quot;classic&quot;}\">\n\t\t\t<div class=\"elementor-widget-wrap elementor-element-populated\">\n\t\t\t\t\t\t<div class=\"elementor-element elementor-element-97a6dad e-transform e-transform elementor-widget elementor-widget-image\" data-id=\"97a6dad\" data-element_type=\"widget\" data-settings=\"{&quot;_transform_scale_effect&quot;:{&quot;unit&quot;:&quot;px&quot;,&quot;size&quot;:1.1,&quot;sizes&quot;:[]},&quot;_transform_translateY_effect&quot;:{&quot;unit&quot;:&quot;px&quot;,&quot;size&quot;:-16,&quot;sizes&quot;:[]},&quot;_transform_translateX_effect&quot;:{&quot;unit&quot;:&quot;px&quot;,&quot;size&quot;:&quot;&quot;,&quot;sizes&quot;:[]},&quot;_transform_translateX_effect_tablet&quot;:{&quot;unit&quot;:&quot;px&quot;,&quot;size&quot;:&quot;&quot;,&quot;sizes&quot;:[]},&quot;_transform_translateX_effect_mobile&quot;:{&quot;unit&quot;:&quot;px&quot;,&quot;size&quot;:&quot;&quot;,&quot;sizes&quot;:[]},&quot;_transform_translateY_effect_tablet&quot;:{&quot;unit&quot;:&quot;px&quot;,&quot;size&quot;:&quot;&quot;,&quot;sizes&quot;:[]},&quot;_transform_translateY_effect_mobile&quot;:{&quot;unit&quot;:&quot;px&quot;,&quot;size&quot;:&quot;&quot;,&quot;sizes&quot;:[]},&quot;_transform_scale_effect_tablet&quot;:{&quot;unit&quot;:&quot;px&quot;,&quot;size&quot;:&quot;&quot;,&quot;sizes&quot;:[]},&quot;_transform_scale_effect_mobile&quot;:{&quot;unit&quot;:&quot;px&quot;,&quot;size&quot;:&quot;&quot;,&quot;sizes&quot;:[]}}\" data-widget_type=\"image.default\">\n\t\t\t\t<div class=\"elementor-widget-container\">\n\t\t\t\t\t\t\t\t\t\t\t\t\t\t\t<img decoding=\"async\" width=\"2560\" height=\"1920\" data-src=\"https:\/\/aurythmedesvignes.fr\/wp-content\/uploads\/2023\/06\/Au-Rythme-des-Vignes-Balade-en-Hermitage-1-1-1-scaled.jpg\" class=\"elementor-animation-bob attachment-full size-full wp-image-4290 lazyload\" alt=\"\" data-srcset=\"https:\/\/aurythmedesvignes.fr\/wp-content\/uploads\/2023\/06\/Au-Rythme-des-Vignes-Balade-en-Hermitage-1-1-1-scaled.jpg 2560w, https:\/\/aurythmedesvignes.fr\/wp-content\/uploads\/2023\/06\/Au-Rythme-des-Vignes-Balade-en-Hermitage-1-1-1-300x225.jpg 300w, https:\/\/aurythmedesvignes.fr\/wp-content\/uploads\/2023\/06\/Au-Rythme-des-Vignes-Balade-en-Hermitage-1-1-1-1024x768.jpg 1024w, https:\/\/aurythmedesvignes.fr\/wp-content\/uploads\/2023\/06\/Au-Rythme-des-Vignes-Balade-en-Hermitage-1-1-1-768x576.jpg 768w, https:\/\/aurythmedesvignes.fr\/wp-content\/uploads\/2023\/06\/Au-Rythme-des-Vignes-Balade-en-Hermitage-1-1-1-1536x1152.jpg 1536w, https:\/\/aurythmedesvignes.fr\/wp-content\/uploads\/2023\/06\/Au-Rythme-des-Vignes-Balade-en-Hermitage-1-1-1-2048x1536.jpg 2048w, https:\/\/aurythmedesvignes.fr\/wp-content\/uploads\/2023\/06\/Au-Rythme-des-Vignes-Balade-en-Hermitage-1-1-1-16x12.jpg 16w, https:\/\/aurythmedesvignes.fr\/wp-content\/uploads\/2023\/06\/Au-Rythme-des-Vignes-Balade-en-Hermitage-1-1-1-600x450.jpg 600w\" data-sizes=\"(max-width: 2560px) 100vw, 2560px\" src=\"data:image\/svg+xml;base64,PHN2ZyB3aWR0aD0iMSIgaGVpZ2h0PSIxIiB4bWxucz0iaHR0cDovL3d3dy53My5vcmcvMjAwMC9zdmciPjwvc3ZnPg==\" style=\"--smush-placeholder-width: 2560px; --smush-placeholder-aspect-ratio: 2560\/1920;\" \/>\t\t\t\t\t\t\t\t\t\t\t\t\t\t\t<\/div>\n\t\t\t\t<\/div>\n\t\t\t\t<div class=\"elementor-element elementor-element-51775fdf elementor-widget elementor-widget-text-editor\" data-id=\"51775fdf\" data-element_type=\"widget\" data-widget_type=\"text-editor.default\">\n\t\t\t\t<div class=\"elementor-widget-container\">\n\t\t\t\t\t\t\t\t\t<h3>Shared tours<\/h3><p class=\"elementor-icon-box-title\">Live the experience with other wine lovers<\/p>\t\t\t\t\t\t\t\t<\/div>\n\t\t\t\t<\/div>\n\t\t\t\t<div class=\"elementor-element elementor-element-4528fe7e elementor-align-justify elementor-mobile-align-justify elementor-widget elementor-widget-button\" data-id=\"4528fe7e\" data-element_type=\"widget\" data-widget_type=\"button.default\">\n\t\t\t\t<div class=\"elementor-widget-container\">\n\t\t\t\t\t\t\t\t\t<div class=\"elementor-button-wrapper\">\n\t\t\t\t\t<a class=\"elementor-button elementor-button-link elementor-size-sm\" href=\"https:\/\/aurythmedesvignes.fr\/en\/product\/la-cle-des-vignes-a-offrir\/\">\n\t\t\t\t\t\t<span class=\"elementor-button-content-wrapper\">\n\t\t\t\t\t\t<span class=\"elementor-button-icon\">\n\t\t\t\t<i aria-hidden=\"true\" class=\"fas fa-ticket-alt\"><\/i>\t\t\t<\/span>\n\t\t\t\t\t\t\t\t\t<span class=\"elementor-button-text\">I offer places for a shared tour<\/span>\n\t\t\t\t\t<\/span>\n\t\t\t\t\t<\/a>\n\t\t\t\t<\/div>\n\t\t\t\t\t\t\t\t<\/div>\n\t\t\t\t<\/div>\n\t\t\t\t\t<\/div>\n\t\t<\/div>\n\t\t\t\t\t<\/div>\n\t\t<\/section>\n\t\t\t\t\t<\/div>\n\t\t<\/div>\n\t\t\t\t\t<\/div>\n\t\t<\/section>\n\t\t\t\t<\/div>","protected":false},"excerpt":{"rendered":"<p>Circuit sur une journ\u00e9e: La Cl\u00e9 des Vignes \u2022 C\u00f4tes du Rh\u00f4ne Nord \u2022 Circuit privatis\u00e9 Profitez d&rsquo;une experience privatis\u00e9 en famille ou entre amis J&rsquo;offre un circuit privatis\u00e9 Circuit partag\u00e9s Vivez l&rsquo;experience avec d&rsquo;autres amateur de vins J&rsquo;offre des places pour un circuit partag\u00e9<\/p>","protected":false},"author":1,"featured_media":0,"parent":0,"menu_order":0,"comment_status":"closed","ping_status":"closed","template":"","meta":{"footnotes":""},"acf":[],"yoast_head":"<!-- This site is optimized with the Yoast SEO plugin v23.5 - https:\/\/yoast.com\/wordpress\/plugins\/seo\/ -->\n<title>Offrir un circuit d\u00e9gustation de vin et des rencontres privil\u00e9gi\u00e9es<\/title>\n<meta name=\"description\" content=\"R\u00e9galez vos proches avec un tour dans les vignes pour des d\u00e9gustations gastronomiques et vinicoles en compagnie d\u2019un guide \u0153nologique.\" \/>\n<meta name=\"robots\" content=\"index, follow, max-snippet:-1, max-image-preview:large, max-video-preview:-1\" \/>\n<link rel=\"canonical\" href=\"https:\/\/aurythmedesvignes.fr\/en\/offrir-un-circuit\/\" \/>\n<meta property=\"og:locale\" content=\"en_US\" \/>\n<meta property=\"og:type\" content=\"article\" \/>\n<meta property=\"og:title\" content=\"Offrir un circuit d\u00e9gustation de vin et des rencontres privil\u00e9gi\u00e9es\" \/>\n<meta property=\"og:description\" content=\"R\u00e9galez vos proches avec un tour dans les vignes pour des d\u00e9gustations gastronomiques et vinicoles en compagnie d\u2019un guide \u0153nologique.\" \/>\n<meta property=\"og:url\" content=\"https:\/\/aurythmedesvignes.fr\/en\/offrir-un-circuit\/\" \/>\n<meta property=\"og:site_name\" content=\"Au Rythme Des Vignes\" \/>\n<meta property=\"article:modified_time\" content=\"2023-07-07T14:44:27+00:00\" \/>\n<meta property=\"og:image\" content=\"https:\/\/aurythmedesvignes.fr\/wp-content\/uploads\/2022\/09\/Copie-de-IMG_0890-scaled.jpg\" \/>\n<meta name=\"twitter:card\" content=\"summary_large_image\" \/>\n<meta name=\"twitter:label1\" content=\"Est. reading time\" \/>\n\t<meta name=\"twitter:data1\" content=\"3 minutes\" \/>\n<script type=\"application\/ld+json\" class=\"yoast-schema-graph\">{\"@context\":\"https:\/\/schema.org\",\"@graph\":[{\"@type\":\"WebPage\",\"@id\":\"https:\/\/aurythmedesvignes.fr\/offrir-un-circuit\/\",\"url\":\"https:\/\/aurythmedesvignes.fr\/offrir-un-circuit\/\",\"name\":\"Offrir un circuit d\u00e9gustation de vin et des rencontres privil\u00e9gi\u00e9es\",\"isPartOf\":{\"@id\":\"https:\/\/aurythmedesvignes.fr\/#website\"},\"primaryImageOfPage\":{\"@id\":\"https:\/\/aurythmedesvignes.fr\/offrir-un-circuit\/#primaryimage\"},\"image\":{\"@id\":\"https:\/\/aurythmedesvignes.fr\/offrir-un-circuit\/#primaryimage\"},\"thumbnailUrl\":\"https:\/\/aurythmedesvignes.fr\/wp-content\/uploads\/2022\/09\/Copie-de-IMG_0890-scaled.jpg\",\"datePublished\":\"2021-08-20T12:30:23+00:00\",\"dateModified\":\"2023-07-07T14:44:27+00:00\",\"description\":\"R\u00e9galez vos proches avec un tour dans les vignes pour des d\u00e9gustations gastronomiques et vinicoles en compagnie d\u2019un guide \u0153nologique.\",\"breadcrumb\":{\"@id\":\"https:\/\/aurythmedesvignes.fr\/offrir-un-circuit\/#breadcrumb\"},\"inLanguage\":\"en-US\",\"potentialAction\":[{\"@type\":\"ReadAction\",\"target\":[\"https:\/\/aurythmedesvignes.fr\/offrir-un-circuit\/\"]}]},{\"@type\":\"ImageObject\",\"inLanguage\":\"en-US\",\"@id\":\"https:\/\/aurythmedesvignes.fr\/offrir-un-circuit\/#primaryimage\",\"url\":\"https:\/\/aurythmedesvignes.fr\/wp-content\/uploads\/2022\/09\/Copie-de-IMG_0890-scaled.jpg\",\"contentUrl\":\"https:\/\/aurythmedesvignes.fr\/wp-content\/uploads\/2022\/09\/Copie-de-IMG_0890-scaled.jpg\"},{\"@type\":\"BreadcrumbList\",\"@id\":\"https:\/\/aurythmedesvignes.fr\/offrir-un-circuit\/#breadcrumb\",\"itemListElement\":[{\"@type\":\"ListItem\",\"position\":1,\"name\":\"Accueil\",\"item\":\"https:\/\/aurythmedesvignes.fr\/\"},{\"@type\":\"ListItem\",\"position\":2,\"name\":\"Offrir la Cl\u00e9 des Vignes\"}]},{\"@type\":\"WebSite\",\"@id\":\"https:\/\/aurythmedesvignes.fr\/#website\",\"url\":\"https:\/\/aurythmedesvignes.fr\/\",\"name\":\"Au Rythme Des Vignes\",\"description\":\"Offrez-vous une \u00e9chapp\u00e9e gourmande au c\u0153ur de la Vall\u00e9e du Rh\u00f4ne\",\"publisher\":{\"@id\":\"https:\/\/aurythmedesvignes.fr\/#organization\"},\"potentialAction\":[{\"@type\":\"SearchAction\",\"target\":{\"@type\":\"EntryPoint\",\"urlTemplate\":\"https:\/\/aurythmedesvignes.fr\/?s={search_term_string}\"},\"query-input\":{\"@type\":\"PropertyValueSpecification\",\"valueRequired\":true,\"valueName\":\"search_term_string\"}}],\"inLanguage\":\"en-US\"},{\"@type\":\"Organization\",\"@id\":\"https:\/\/aurythmedesvignes.fr\/#organization\",\"name\":\"Au Rythme des Vignes\",\"url\":\"https:\/\/aurythmedesvignes.fr\/\",\"logo\":{\"@type\":\"ImageObject\",\"inLanguage\":\"en-US\",\"@id\":\"https:\/\/aurythmedesvignes.fr\/#\/schema\/logo\/image\/\",\"url\":\"https:\/\/aurythmedesvignes.fr\/wp-content\/uploads\/2021\/02\/Logo-transparent-1.png\",\"contentUrl\":\"https:\/\/aurythmedesvignes.fr\/wp-content\/uploads\/2021\/02\/Logo-transparent-1.png\",\"width\":634,\"height\":449,\"caption\":\"Au Rythme des Vignes\"},\"image\":{\"@id\":\"https:\/\/aurythmedesvignes.fr\/#\/schema\/logo\/image\/\"}}]}<\/script>\n<!-- \/ Yoast SEO plugin. -->","yoast_head_json":{"title":"Offrir un circuit d\u00e9gustation de vin et des rencontres privil\u00e9gi\u00e9es","description":"R\u00e9galez vos proches avec un tour dans les vignes pour des d\u00e9gustations gastronomiques et vinicoles en compagnie d\u2019un guide \u0153nologique.","robots":{"index":"index","follow":"follow","max-snippet":"max-snippet:-1","max-image-preview":"max-image-preview:large","max-video-preview":"max-video-preview:-1"},"canonical":"https:\/\/aurythmedesvignes.fr\/en\/offrir-un-circuit\/","og_locale":"en_US","og_type":"article","og_title":"Offrir un circuit d\u00e9gustation de vin et des rencontres privil\u00e9gi\u00e9es","og_description":"R\u00e9galez vos proches avec un tour dans les vignes pour des d\u00e9gustations gastronomiques et vinicoles en compagnie d\u2019un guide \u0153nologique.","og_url":"https:\/\/aurythmedesvignes.fr\/en\/offrir-un-circuit\/","og_site_name":"Au Rythme Des Vignes","article_modified_time":"2023-07-07T14:44:27+00:00","og_image":[{"url":"https:\/\/aurythmedesvignes.fr\/wp-content\/uploads\/2022\/09\/Copie-de-IMG_0890-scaled.jpg"}],"twitter_card":"summary_large_image","twitter_misc":{"Est. reading time":"3 minutes"},"schema":{"@context":"https:\/\/schema.org","@graph":[{"@type":"WebPage","@id":"https:\/\/aurythmedesvignes.fr\/offrir-un-circuit\/","url":"https:\/\/aurythmedesvignes.fr\/offrir-un-circuit\/","name":"Offrir un circuit d\u00e9gustation de vin et des rencontres privil\u00e9gi\u00e9es","isPartOf":{"@id":"https:\/\/aurythmedesvignes.fr\/#website"},"primaryImageOfPage":{"@id":"https:\/\/aurythmedesvignes.fr\/offrir-un-circuit\/#primaryimage"},"image":{"@id":"https:\/\/aurythmedesvignes.fr\/offrir-un-circuit\/#primaryimage"},"thumbnailUrl":"https:\/\/aurythmedesvignes.fr\/wp-content\/uploads\/2022\/09\/Copie-de-IMG_0890-scaled.jpg","datePublished":"2021-08-20T12:30:23+00:00","dateModified":"2023-07-07T14:44:27+00:00","description":"R\u00e9galez vos proches avec un tour dans les vignes pour des d\u00e9gustations gastronomiques et vinicoles en compagnie d\u2019un guide \u0153nologique.","breadcrumb":{"@id":"https:\/\/aurythmedesvignes.fr\/offrir-un-circuit\/#breadcrumb"},"inLanguage":"en-US","potentialAction":[{"@type":"ReadAction","target":["https:\/\/aurythmedesvignes.fr\/offrir-un-circuit\/"]}]},{"@type":"ImageObject","inLanguage":"en-US","@id":"https:\/\/aurythmedesvignes.fr\/offrir-un-circuit\/#primaryimage","url":"https:\/\/aurythmedesvignes.fr\/wp-content\/uploads\/2022\/09\/Copie-de-IMG_0890-scaled.jpg","contentUrl":"https:\/\/aurythmedesvignes.fr\/wp-content\/uploads\/2022\/09\/Copie-de-IMG_0890-scaled.jpg"},{"@type":"BreadcrumbList","@id":"https:\/\/aurythmedesvignes.fr\/offrir-un-circuit\/#breadcrumb","itemListElement":[{"@type":"ListItem","position":1,"name":"Accueil","item":"https:\/\/aurythmedesvignes.fr\/"},{"@type":"ListItem","position":2,"name":"Offrir la Cl\u00e9 des Vignes"}]},{"@type":"WebSite","@id":"https:\/\/aurythmedesvignes.fr\/#website","url":"https:\/\/aurythmedesvignes.fr\/","name":"Au Rythme Des Vignes","description":"Offrez-vous une \u00e9chapp\u00e9e gourmande au c\u0153ur de la Vall\u00e9e du Rh\u00f4ne","publisher":{"@id":"https:\/\/aurythmedesvignes.fr\/#organization"},"potentialAction":[{"@type":"SearchAction","target":{"@type":"EntryPoint","urlTemplate":"https:\/\/aurythmedesvignes.fr\/?s={search_term_string}"},"query-input":{"@type":"PropertyValueSpecification","valueRequired":true,"valueName":"search_term_string"}}],"inLanguage":"en-US"},{"@type":"Organization","@id":"https:\/\/aurythmedesvignes.fr\/#organization","name":"Au Rythme des Vignes","url":"https:\/\/aurythmedesvignes.fr\/","logo":{"@type":"ImageObject","inLanguage":"en-US","@id":"https:\/\/aurythmedesvignes.fr\/#\/schema\/logo\/image\/","url":"https:\/\/aurythmedesvignes.fr\/wp-content\/uploads\/2021\/02\/Logo-transparent-1.png","contentUrl":"https:\/\/aurythmedesvignes.fr\/wp-content\/uploads\/2021\/02\/Logo-transparent-1.png","width":634,"height":449,"caption":"Au Rythme des Vignes"},"image":{"@id":"https:\/\/aurythmedesvignes.fr\/#\/schema\/logo\/image\/"}}]}},"_links":{"self":[{"href":"https:\/\/aurythmedesvignes.fr\/en\/wp-json\/wp\/v2\/pages\/2017"}],"collection":[{"href":"https:\/\/aurythmedesvignes.fr\/en\/wp-json\/wp\/v2\/pages"}],"about":[{"href":"https:\/\/aurythmedesvignes.fr\/en\/wp-json\/wp\/v2\/types\/page"}],"author":[{"embeddable":true,"href":"https:\/\/aurythmedesvignes.fr\/en\/wp-json\/wp\/v2\/users\/1"}],"replies":[{"embeddable":true,"href":"https:\/\/aurythmedesvignes.fr\/en\/wp-json\/wp\/v2\/comments?post=2017"}],"version-history":[{"count":54,"href":"https:\/\/aurythmedesvignes.fr\/en\/wp-json\/wp\/v2\/pages\/2017\/revisions"}],"predecessor-version":[{"id":4465,"href":"https:\/\/aurythmedesvignes.fr\/en\/wp-json\/wp\/v2\/pages\/2017\/revisions\/4465"}],"wp:attachment":[{"href":"https:\/\/aurythmedesvignes.fr\/en\/wp-json\/wp\/v2\/media?parent=2017"}],"curies":[{"name":"wp","href":"https:\/\/api.w.org\/{rel}","templated":true}]}}